{"id":3801,"date":"2023-03-28T12:34:34","date_gmt":"2023-03-28T12:34:34","guid":{"rendered":"https:\/\/m-creative-design.de\/?page_id=3801"},"modified":"2023-07-03T11:26:38","modified_gmt":"2023-07-03T11:26:38","slug":"leistungen-3","status":"publish","type":"page","link":"https:\/\/m-creative-design.de\/?page_id=3801","title":{"rendered":"LEISTUNGEN"},"content":{"rendered":"<div class=\"\" style=\"\" >\n  \n    \n    <section class=\"u-clearfix u-image u-section-2\" id=\"sec-93a4\" data-image-width=\"1365\" data-image-height=\"768\" style=\"background-image: url(&quot;http:\/\/m-creative-design.de\/wp-content\/uploads\/2023\/03\/Schreibtisch-9.png&quot;);\">\n      <div class=\"u-clearfix u-sheet u-sheet-1\">\n        <img decoding=\"async\" class=\"u-image u-image-default u-preserve-proportions u-image-1\" src=\"http:\/\/m-creative-design.de\/wp-content\/uploads\/2023\/03\/MCDBildLogoLeistungen-10.png\" alt=\"\" data-image-width=\"388\" data-image-height=\"358\" data-animation-name=\"customAnimationIn\" data-animation-duration=\"2500\" data-animation-delay=\"500\">\n      <\/div>\n    <\/section>\n    <section class=\"u-clearfix u-valign-middle-md u-section-3\" id=\"sec-a85f\">\n      <div class=\"u-custom-color-11 u-hidden-sm u-hidden-xs u-shape u-shape-rectangle u-shape-1\" data-animation-name=\"customAnimationIn\" data-animation-duration=\"2000\" data-animation-delay=\"0\" data-animation-direction=\"\"><\/div>\n      <div class=\"u-clearfix u-gutter-20 u-layout-wrap u-layout-wrap-1\">\n        <div class=\"u-gutter-0 u-layout\">\n          <div class=\"u-layout-row\">\n            <div class=\"u-size-30 u-size-60-md\">\n              <div class=\"u-layout-col\">\n                <div class=\"u-container-style u-layout-cell u-size-40 u-layout-cell-1\">\n                  <div class=\"u-container-layout u-valign-bottom u-container-layout-1\">\n                    <h3 class=\"u-custom-font u-font-montserrat u-text u-text-default u-text-1\" data-animation-name=\"customAnimationIn\" data-animation-duration=\"2000\">IHRE WERBEAGENTUNG<\/h3>\n                    <h1 class=\"u-custom-font u-font-montserrat u-text u-text-custom-color-1 u-text-default u-text-2\" data-animation-name=\"customAnimationIn\" data-animation-duration=\"2000\">LEISTUNGEN<\/h1>\n                  <\/div>\n                <\/div>\n                <div class=\"u-container-align-left u-container-style u-custom-color-1 u-layout-cell u-size-20 u-layout-cell-2\" data-animation-name=\"customAnimationIn\" data-animation-duration=\"2000\">\n                  <div class=\"u-container-layout u-valign-middle-lg u-valign-middle-md u-valign-middle-sm u-valign-middle-xl u-valign-top-xs u-container-layout-2\">\n                    <p class=\"u-align-left u-custom-font u-font-montserrat u-text u-text-default u-text-white u-text-3\">\n                      <span style=\"font-weight: 700; font-size: 1.25rem;\">WERBUNG F\u00dcR EINE GANZ BESONDERE AUSSTRAHLUNG<\/span>\n                      <br>\n                      <br> Sie suchen die <span style=\"font-weight: 700;\">passende Werbung<\/span> f\u00fcr Ihr Unternehmen?<br>Sie wollen <span style=\"font-weight: 700;\">bekannter werden<\/span> und ein <span style=\"font-weight: 700;\">unverwechselbares Image<\/span> erhalten?<br>In einem Erstgespr\u00e4ch zeige ich Ihnen auf, welche Werbema\u00dfnahmen Ihr Unternehmen weiterbringt.<br>\n                      <br>Sie werden \u00fcberrascht sein, dass schon <span style=\"font-weight: 700;\">kleine Ver\u00e4nderungen<\/span> eine <span style=\"font-weight: 700;\">gro\u00dfe Wirkung<\/span> haben.<br>\n                      <br>Lassen Sie uns gemeinsam Ihren <span style=\"font-weight: 700;\">ganz individuellen Werbeauftritt<\/span> und einen echten <span style=\"font-weight: 700;\">Mehrwert <\/span>schaffen. \n                    <\/p>\n                  <\/div>\n                <\/div>\n              <\/div>\n            <\/div>\n            <div class=\"u-size-30 u-size-60-md\">\n              <div class=\"u-layout-col\">\n                <div class=\"u-container-style u-image u-layout-cell u-size-20 u-image-1\" data-image-width=\"916\" data-image-height=\"549\" data-animation-name=\"customAnimationIn\" data-animation-duration=\"2000\" style=\"background-image: url(&quot;http:\/\/m-creative-design.de\/wp-content\/uploads\/2023\/03\/Werbeagentur-9.png&quot;);\">\n                  <div class=\"u-container-layout u-valign-bottom u-container-layout-3\">\n                    <div class=\"u-shape u-shape-svg u-text-custom-color-1 u-shape-2\" data-animation-name=\"customAnimationIn\" data-animation-duration=\"2000\" data-animation-delay=\"0\">\n                      <svg class=\"u-svg-link\" preserveAspectRatio=\"none\" viewBox=\"0 0 160 160\" style=\"\"><use xmlns:xlink=\"http:\/\/www.w3.org\/1999\/xlink\" xlink:href=\"#svg-cf02\"><\/use><\/svg>\n                      <svg class=\"u-svg-content\" viewBox=\"0 0 160 160\" x=\"0px\" y=\"0px\" id=\"svg-cf02\"><path d=\"M152.7,0c-4,0-7.3,3.3-7.3,7.3s3.3,7.3,7.3,7.3c4,0,7.3-3.3,7.3-7.3S156.7,0,152.7,0z M128.5,24.2c-4,0-7.3,3.3-7.3,7.3\n\ts3.3,7.3,7.3,7.3c4,0,7.3-3.3,7.3-7.3S132.5,24.2,128.5,24.2z M152.7,24.2c-4,0-7.3,3.3-7.3,7.3s3.3,7.3,7.3,7.3\n\tc4,0,7.3-3.3,7.3-7.3S156.7,24.2,152.7,24.2z M104.2,48.5c-4,0-7.3,3.3-7.3,7.3s3.3,7.3,7.3,7.3c4,0,7.3-3.3,7.3-7.3\n\tS108.2,48.5,104.2,48.5z M128.5,48.5c-4,0-7.3,3.3-7.3,7.3s3.3,7.3,7.3,7.3c4,0,7.3-3.3,7.3-7.3S132.5,48.5,128.5,48.5z M152.7,48.5\n\tc-4,0-7.3,3.3-7.3,7.3s3.3,7.3,7.3,7.3c4,0,7.3-3.3,7.3-7.3S156.7,48.5,152.7,48.5z M80,72.7c-4,0-7.3,3.3-7.3,7.3s3.3,7.3,7.3,7.3\n\ts7.3-3.3,7.3-7.3S84,72.7,80,72.7z M104.2,72.7c-4,0-7.3,3.3-7.3,7.3s3.3,7.3,7.3,7.3c4,0,7.3-3.3,7.3-7.3S108.2,72.7,104.2,72.7z\n\t M128.5,72.7c-4,0-7.3,3.3-7.3,7.3s3.3,7.3,7.3,7.3c4,0,7.3-3.3,7.3-7.3S132.5,72.7,128.5,72.7z M152.7,72.7c-4,0-7.3,3.3-7.3,7.3\n\ts3.3,7.3,7.3,7.3c4,0,7.3-3.3,7.3-7.3S156.7,72.7,152.7,72.7z M55.8,97c-4,0-7.3,3.3-7.3,7.3c0,4,3.3,7.3,7.3,7.3s7.3-3.3,7.3-7.3\n\tC63,100.3,59.7,97,55.8,97z M80,97c-4,0-7.3,3.3-7.3,7.3c0,4,3.3,7.3,7.3,7.3s7.3-3.3,7.3-7.3C87.3,100.3,84,97,80,97z M104.2,97\n\tc-4,0-7.3,3.3-7.3,7.3c0,4,3.3,7.3,7.3,7.3c4,0,7.3-3.3,7.3-7.3C111.5,100.3,108.2,97,104.2,97z M128.5,97c-4,0-7.3,3.3-7.3,7.3\n\tc0,4,3.3,7.3,7.3,7.3c4,0,7.3-3.3,7.3-7.3C135.8,100.3,132.5,97,128.5,97z M152.7,97c-4,0-7.3,3.3-7.3,7.3c0,4,3.3,7.3,7.3,7.3\n\tc4,0,7.3-3.3,7.3-7.3C160,100.3,156.7,97,152.7,97z M31.5,121.2c-4,0-7.3,3.3-7.3,7.3c0,4,3.3,7.3,7.3,7.3s7.3-3.3,7.3-7.3\n\tC38.8,124.5,35.5,121.2,31.5,121.2z M55.8,121.2c-4,0-7.3,3.3-7.3,7.3c0,4,3.3,7.3,7.3,7.3s7.3-3.3,7.3-7.3\n\tC63,124.5,59.7,121.2,55.8,121.2z M80,121.2c-4,0-7.3,3.3-7.3,7.3c0,4,3.3,7.3,7.3,7.3s7.3-3.3,7.3-7.3\n\tC87.3,124.5,84,121.2,80,121.2z M104.2,121.2c-4,0-7.3,3.3-7.3,7.3c0,4,3.3,7.3,7.3,7.3c4,0,7.3-3.3,7.3-7.3\n\tC111.5,124.5,108.2,121.2,104.2,121.2z M128.5,121.2c-4,0-7.3,3.3-7.3,7.3c0,4,3.3,7.3,7.3,7.3c4,0,7.3-3.3,7.3-7.3\n\tC135.8,124.5,132.5,121.2,128.5,121.2z M152.7,121.2c-4,0-7.3,3.3-7.3,7.3c0,4,3.3,7.3,7.3,7.3c4,0,7.3-3.3,7.3-7.3\n\tC160,124.5,156.7,121.2,152.7,121.2z M7.3,145.5c-4,0-7.3,3.3-7.3,7.3c0,4,3.3,7.3,7.3,7.3s7.3-3.3,7.3-7.3\n\tC14.5,148.8,11.2,145.5,7.3,145.5z M31.5,145.5c-4,0-7.3,3.3-7.3,7.3c0,4,3.3,7.3,7.3,7.3s7.3-3.3,7.3-7.3\n\tC38.8,148.8,35.5,145.5,31.5,145.5z M55.8,145.5c-4,0-7.3,3.3-7.3,7.3c0,4,3.3,7.3,7.3,7.3s7.3-3.3,7.3-7.3\n\tC63,148.8,59.7,145.5,55.8,145.5z M80,145.5c-4,0-7.3,3.3-7.3,7.3c0,4,3.3,7.3,7.3,7.3s7.3-3.3,7.3-7.3\n\tC87.3,148.8,84,145.5,80,145.5z M104.2,145.5c-4,0-7.3,3.3-7.3,7.3c0,4,3.3,7.3,7.3,7.3c4,0,7.3-3.3,7.3-7.3\n\tC111.5,148.8,108.2,145.5,104.2,145.5z M128.5,145.5c-4,0-7.3,3.3-7.3,7.3c0,4,3.3,7.3,7.3,7.3c4,0,7.3-3.3,7.3-7.3\n\tC135.8,148.8,132.5,145.5,128.5,145.5z M152.7,145.5c-4,0-7.3,3.3-7.3,7.3c0,4,3.3,7.3,7.3,7.3c4,0,7.3-3.3,7.3-7.3\n\tC160,148.8,156.7,145.5,152.7,145.5z\"><\/path><\/svg>\n                    <\/div>\n                  <\/div>\n                <\/div>\n                <div class=\"u-container-style u-layout-cell u-size-40 u-white u-layout-cell-4\" data-animation-name=\"customAnimationIn\" data-animation-duration=\"2000\">\n                  <div class=\"u-border-11 u-border-custom-color-11 u-border-no-bottom u-border-no-right u-border-no-top u-container-layout u-container-layout-4\">\n                    <p class=\"u-custom-font u-font-montserrat u-text u-text-black u-text-4\">Was spricht f\u00fcr uns?<\/p>\n                    <img decoding=\"async\" class=\"u-align-right u-image u-image-2\" src=\"http:\/\/m-creative-design.de\/wp-content\/uploads\/2023\/03\/MCDBildLogo_1-9.png\" data-image-width=\"2222\" data-image-height=\"2222\" data-href=\"mailto:info@m-creative-design.de?subject=Beratungsgespr%C3%A4ch\">\n                    <ul class=\"u-custom-list u-text u-text-5\">\n                      <li>\n                        <div class=\"u-list-icon\">\n                          <div style=\"font-size: 1em; margin: -1em;\">\u2714<\/div>\n                        <\/div>Wir lieben was wir tun \n                      <\/li>\n                      <li>\n                        <div class=\"u-list-icon\">\n                          <div style=\"font-size: 1em; margin: -1em;\">\u2714<\/div>\n                        <\/div>Wir l\u00fcgen nicht - auch nicht f\u00fcr den Umsatz \n                      <\/li>\n                      <li>\n                        <div class=\"u-list-icon\">\n                          <div style=\"font-size: 1em; margin: -1em;\">\u2714<\/div>\n                        <\/div>Pers\u00f6nliche Beratung \n                      <\/li>\n                      <li>\n                        <div class=\"u-list-icon\">\n                          <div style=\"font-size: 1em; margin: -1em;\">\u2714<\/div>\n                        <\/div>L\u00f6sungsorientierte Arbeit \n                      <\/li>\n                      <li>\n                        <div class=\"u-list-icon\">\n                          <div style=\"font-size: 1em; margin: -1em;\">\u2714<\/div>\n                        <\/div>Moderne Werbung die wirkt \n                      <\/li>\n                    <\/ul>\n                  <\/div>\n                <\/div>\n              <\/div>\n            <\/div>\n          <\/div>\n        <\/div>\n      <\/div>\n    <\/section>\n    <section class=\"u-clearfix u-section-4\" id=\"sec-5d56\">\n      <div class=\"u-clearfix u-sheet u-valign-middle-xs u-sheet-1\">\n        <div class=\"u-expanded-width u-list u-list-1\">\n          <div class=\"u-repeater u-repeater-1\">\n            <div class=\"u-container-style u-custom-color-1 u-list-item u-repeater-item u-list-item-1\" data-animation-name=\"customAnimationIn\" data-animation-duration=\"2000\">\n              <div class=\"u-container-layout u-similar-container u-container-layout-1\">\n                <img decoding=\"async\" alt=\"\" class=\"u-expanded-width u-image u-image-default u-image-1\" data-image-width=\"1580\" data-image-height=\"1054\" src=\"http:\/\/m-creative-design.de\/wp-content\/uploads\/2023\/03\/MCDBildWerbeanzeigeNeises-10.png\" data-animation-name=\"customAnimationIn\" data-animation-duration=\"2000\" data-animation-direction=\"\">\n                <h3 class=\"u-custom-font u-font-montserrat u-text u-text-white u-text-1\" data-animation-name=\"customAnimationIn\" data-animation-duration=\"2000\">INFORMATIV<br>\n                  <br>\n                <\/h3>\n                <div class=\"u-align-left u-custom-color-11 u-shape u-shape-rectangle u-shape-1\"><\/div>\n                <ul class=\"u-custom-font u-custom-list u-font-montserrat u-text u-text-default u-text-2\" data-animation-name=\"customAnimationIn\" data-animation-duration=\"2000\">\n                  <li>\n                    <div class=\"u-list-icon u-text-white\">\n                      <div style=\"font-size: 1em; margin: -1em;\">\u2714<\/div>\n                    <\/div> Jobanzeige \n                  <\/li>\n                  <li>\n                    <div class=\"u-list-icon u-text-white\">\n                      <div style=\"font-size: 1em; margin: -1em;\">\u2714<\/div>\n                    <\/div> Werbeanzeige \n                  <\/li>\n                  <li>\n                    <div class=\"u-list-icon u-text-white\">\n                      <div style=\"font-size: 1em; margin: -1em;\">\u2714<\/div>\n                    <\/div> Brosch\u00fcre \n                  <\/li>\n                  <li>\n                    <div class=\"u-list-icon u-text-white\">\n                      <div style=\"font-size: 1em; margin: -1em;\">\u2714<\/div>\n                    <\/div> Prospekte \n                  <\/li>\n                  <li>\n                    <div class=\"u-list-icon u-text-white\">\n                      <div style=\"font-size: 1em; margin: -1em;\">\u2714<\/div>\n                    <\/div> Speisekarte \n                  <\/li>\n                <\/ul>\n              <\/div>\n            <\/div>\n            <div class=\"u-container-style u-custom-color-1 u-list-item u-repeater-item u-list-item-2\" data-animation-name=\"customAnimationIn\" data-animation-duration=\"2000\">\n              <div class=\"u-container-layout u-similar-container u-container-layout-2\">\n                <img decoding=\"async\" alt=\"\" class=\"u-expanded-width u-image u-image-default u-image-2\" data-image-width=\"1744\" data-image-height=\"1162\" src=\"http:\/\/m-creative-design.de\/wp-content\/uploads\/2023\/03\/MCDBildVKFehr-10.png\" data-animation-name=\"customAnimationIn\" data-animation-duration=\"2000\" data-animation-direction=\"\">\n                <h3 class=\"u-custom-font u-font-montserrat u-text u-text-white u-text-3\" data-animation-name=\"customAnimationIn\" data-animation-duration=\"2000\">KLEINE HELFER<br>\n                  <br>\n                <\/h3>\n                <div class=\"u-align-left u-custom-color-11 u-shape u-shape-rectangle u-shape-2\"><\/div>\n                <ul class=\"u-custom-font u-custom-list u-font-montserrat u-text u-text-default u-text-4\" data-animation-name=\"customAnimationIn\" data-animation-duration=\"2000\">\n                  <li>\n                    <div class=\"u-list-icon u-text-white\">\n                      <div style=\"font-size: 1em; margin: -1em;\">\u2714<\/div>\n                    <\/div> Plakate \n                  <\/li>\n                  <li>\n                    <div class=\"u-list-icon u-text-white\">\n                      <div style=\"font-size: 1em; margin: -1em;\">\u2714<\/div>\n                    <\/div> Flyer \n                  <\/li>\n                  <li>\n                    <div class=\"u-list-icon u-text-white\">\n                      <div style=\"font-size: 1em; margin: -1em;\">\u2714<\/div>\n                    <\/div> Visitenkarten \n                  <\/li>\n                  <li>\n                    <div class=\"u-list-icon u-text-white\">\n                      <div style=\"font-size: 1em; margin: -1em;\">\u2714<\/div>\n                    <\/div> Imagebrosch\u00fcre \n                  <\/li>\n                  <li>\n                    <div class=\"u-list-icon u-text-white\">\n                      <div style=\"font-size: 1em; margin: -1em;\">\u2714<\/div>\n                    <\/div> Aufkleber \n                  <\/li>\n                  <li>\n                    <div class=\"u-list-icon u-text-white\">\n                      <div style=\"font-size: 1em; margin: -1em;\">\u2714<\/div>\n                    <\/div> Folien | Schilder | Planenbanner \n                  <\/li>\n                  <li>\n                    <div class=\"u-list-icon u-text-white\">\n                      <div style=\"font-size: 1em; margin: -1em;\">\u2714<\/div>\n                    <\/div> Formulare \n                  <\/li>\n                  <li>\n                    <div class=\"u-list-icon u-text-white\">\n                      <div style=\"font-size: 1em; margin: -1em;\">\u2714<\/div>\n                    <\/div> Digitale Formulare \n                  <\/li>\n                <\/ul>\n              <\/div>\n            <\/div>\n            <div class=\"u-container-style u-custom-color-1 u-list-item u-repeater-item u-list-item-3\" data-animation-name=\"customAnimationIn\" data-animation-duration=\"2000\">\n              <div class=\"u-container-layout u-similar-container u-container-layout-3\">\n                <img decoding=\"async\" alt=\"\" class=\"u-expanded-width u-image u-image-default u-image-3\" data-image-width=\"1923\" data-image-height=\"1173\" src=\"http:\/\/m-creative-design.de\/wp-content\/uploads\/2023\/03\/MCDBildTrever-Therm-10.png\" data-animation-name=\"customAnimationIn\" data-animation-duration=\"2000\" data-animation-direction=\"\">\n                <h3 class=\"u-custom-font u-font-montserrat u-text u-text-white u-text-5\" data-animation-name=\"customAnimationIn\" data-animation-duration=\"2000\">DAS GROSSE GANZE<\/h3>\n                <div class=\"u-align-left u-custom-color-11 u-shape u-shape-rectangle u-shape-3\"><\/div>\n                <ul class=\"u-custom-font u-custom-list u-font-montserrat u-text u-text-default u-text-6\" data-animation-name=\"customAnimationIn\" data-animation-duration=\"2000\">\n                  <li>\n                    <div class=\"u-list-icon u-text-white\">\n                      <div style=\"font-size: 1em; margin: -1em;\">\u2714<\/div>\n                    <\/div> Corporate Design \n                  <\/li>\n                  <li>\n                    <div class=\"u-list-icon u-text-white\">\n                      <div style=\"font-size: 1em; margin: -1em;\">\u2714<\/div>\n                    <\/div> Webdesign \n                  <\/li>\n                  <li>\n                    <div class=\"u-list-icon u-text-white\">\n                      <div style=\"font-size: 1em; margin: -1em;\">\u2714<\/div>\n                    <\/div> Logos \n                  <\/li>\n                  <li>\n                    <div class=\"u-list-icon u-text-white\">\n                      <div style=\"font-size: 1em; margin: -1em;\">\u2714<\/div>\n                    <\/div> Markenzeichen \n                  <\/li>\n                  <li>\n                    <div class=\"u-list-icon u-text-white\">\n                      <div style=\"font-size: 1em; margin: -1em;\">\u2714<\/div>\n                    <\/div> Gesch\u00e4ftsausstatungen \n                  <\/li>\n                  <li>\n                    <div class=\"u-list-icon u-text-white\">\n                      <div style=\"font-size: 1em; margin: -1em;\">\u2714<\/div>\n                    <\/div> Briefpapier \n                  <\/li>\n                  <li>\n                    <div class=\"u-list-icon u-text-white\">\n                      <div style=\"font-size: 1em; margin: -1em;\">\u2714<\/div>\n                    <\/div> Textildruck \n                  <\/li>\n                  <li>\n                    <div class=\"u-list-icon u-text-white\">\n                      <div style=\"font-size: 1em; margin: -1em;\">\u2714<\/div>\n                    <\/div> Visuelles Marketing \n                  <\/li>\n                <\/ul>\n              <\/div>\n            <\/div>\n          <\/div>\n        <\/div>\n      <\/div>\n    <\/section>\n    <section class=\"u-clearfix u-gradient u-section-5\" id=\"sec-cc5a\"><\/section>\n    \n    \n  \n<\/div>","protected":false},"excerpt":{"rendered":"<p>IHRE WERBEAGENTUNG LEISTUNGEN WERBUNG F\u00dcR EINE GANZ BESONDERE AUSSTRAHLUNG Sie suchen die passende Werbung f\u00fcr Ihr Unternehmen?Sie wollen bekannter werden und ein unverwechselbares Image erhalten?In einem Erstgespr\u00e4ch zeige ich Ihnen auf, welche Werbema\u00dfnahmen Ihr Unternehmen weiterbringt. Sie werden \u00fcberrascht sein, dass schon kleine Ver\u00e4nderungen eine gro\u00dfe Wirkung haben. Lassen Sie uns gemeinsam Ihren ganz individuellen&hellip; <a class=\"more-link\" href=\"https:\/\/m-creative-design.de\/?page_id=3801\"><span class=\"screen-reader-text\">LEISTUNGEN<\/span> weiterlesen<\/a><\/p>\n","protected":false},"author":1,"featured_media":0,"parent":0,"menu_order":9,"comment_status":"closed","ping_status":"closed","template":"","meta":{"footnotes":""},"class_list":["post-3801","page","type-page","status-publish","hentry","entry"],"_links":{"self":[{"href":"https:\/\/m-creative-design.de\/index.php?rest_route=\/wp\/v2\/pages\/3801","targetHints":{"allow":["GET"]}}],"collection":[{"href":"https:\/\/m-creative-design.de\/index.php?rest_route=\/wp\/v2\/pages"}],"about":[{"href":"https:\/\/m-creative-design.de\/index.php?rest_route=\/wp\/v2\/types\/page"}],"author":[{"embeddable":true,"href":"https:\/\/m-creative-design.de\/index.php?rest_route=\/wp\/v2\/users\/1"}],"replies":[{"embeddable":true,"href":"https:\/\/m-creative-design.de\/index.php?rest_route=%2Fwp%2Fv2%2Fcomments&post=3801"}],"version-history":[{"count":2,"href":"https:\/\/m-creative-design.de\/index.php?rest_route=\/wp\/v2\/pages\/3801\/revisions"}],"predecessor-version":[{"id":3835,"href":"https:\/\/m-creative-design.de\/index.php?rest_route=\/wp\/v2\/pages\/3801\/revisions\/3835"}],"wp:attachment":[{"href":"https:\/\/m-creative-design.de\/index.php?rest_route=%2Fwp%2Fv2%2Fmedia&parent=3801"}],"curies":[{"name":"wp","href":"https:\/\/api.w.org\/{rel}","templated":true}]}}