{"id":3800,"date":"2023-03-28T12:34:33","date_gmt":"2023-03-28T12:34:33","guid":{"rendered":"https:\/\/m-creative-design.de\/?page_id=3800"},"modified":"2023-03-28T12:58:20","modified_gmt":"2023-03-28T12:58:20","slug":"textil-10","status":"publish","type":"page","link":"https:\/\/m-creative-design.de\/?page_id=3800","title":{"rendered":"TEXTIL"},"content":{"rendered":"<div class=\"\" style=\"\" >\n  \n    \n    <section class=\"u-clearfix u-image u-shading u-section-2\" id=\"sec-7e96\" data-image-width=\"1764\" data-image-height=\"1177\" style=\"background-image: linear-gradient(0deg, rgba(0, 0, 0, 0.25), rgba(0, 0, 0, 0.25)), url(&quot;http:\/\/m-creative-design.de\/wp-content\/uploads\/2023\/03\/MCDWebsiteTextil-9.png&quot;);\">\n      <div class=\"u-clearfix u-sheet u-sheet-1\">\n        <img decoding=\"async\" class=\"u-expanded-width-xs u-image u-image-default u-preserve-proportions u-image-1\" src=\"http:\/\/m-creative-design.de\/wp-content\/uploads\/2023\/03\/MCDBildLogoTextildruck-9.png\" alt=\"\" data-image-width=\"678\" data-image-height=\"358\" data-animation-name=\"customAnimationIn\" data-animation-duration=\"2500\" data-animation-delay=\"500\">\n      <\/div>\n    <\/section>\n    <section class=\"u-clearfix u-valign-middle-sm u-section-3\" id=\"sec-b0cb\">\n      <div class=\"u-custom-color-13 u-hidden-sm u-hidden-xs u-shape u-shape-rectangle u-shape-1\" data-animation-name=\"customAnimationIn\" data-animation-duration=\"2000\" data-animation-delay=\"1000\"><\/div>\n      <div class=\"u-clearfix u-gutter-20 u-layout-wrap u-layout-wrap-1\">\n        <div class=\"u-layout\">\n          <div class=\"u-layout-row\">\n            <div class=\"u-size-27\">\n              <div class=\"u-layout-col\">\n                <div class=\"u-container-style u-layout-cell u-size-30 u-layout-cell-1\">\n                  <div class=\"u-container-layout u-valign-bottom u-container-layout-1\">\n                    <h3 class=\"u-custom-font u-font-montserrat u-text u-text-default u-text-1\" data-animation-name=\"customAnimationIn\" data-animation-duration=\"2000\">TEXTILDRUCK<\/h3>\n                    <h1 class=\"u-custom-font u-font-montserrat u-text u-text-default u-text-2\" data-animation-name=\"customAnimationIn\" data-animation-duration=\"2000\">TRAGBARE WERBUNG<\/h1>\n                  <\/div>\n                <\/div>\n                <div class=\"u-container-style u-custom-color-12 u-layout-cell u-size-30 u-layout-cell-2\" data-animation-name=\"customAnimationIn\" data-animation-duration=\"2000\">\n                  <div class=\"u-container-layout u-container-layout-2\">\n                    <p class=\"u-align-left u-custom-font u-font-montserrat u-text u-text-default u-text-white u-text-3\"> Bei den Textilien achten wir auf<span style=\"font-weight: 700;\"> hohe Qualit\u00e4t<\/span> und verarbeiten somit <span style=\"font-weight: 700;\">nur hochwertige Produkte<\/span>. Wir bieten Ihnen eine <span style=\"font-weight: 700;\">Hochleistungsfolie<\/span> zur Veflockung der Textilien in mehreren Farben. Durch die Strechteigenschaft dieser Folien, sind diese <span style=\"font-weight: 700;\">optimal f\u00fcr die Beflockung<\/span> von Trikots und Textilien geeignet.<br>\n                      <br>Dabei <span style=\"font-weight: 700;\">bieten<\/span> wir Ihnen <span style=\"font-weight: 700;\">gerne Textilien<\/span> an oder bedrucken auch die von <span style=\"font-weight: 700;\">Ihnen gelieferten Textilien<\/span>. Ganz wie Sie m\u00f6chten!<br>\n                    <\/p>\n                  <\/div>\n                <\/div>\n              <\/div>\n            <\/div>\n            <div class=\"u-size-33\">\n              <div class=\"u-layout-col\">\n                <div class=\"u-container-style u-image u-layout-cell u-size-60 u-image-1\" data-image-width=\"1124\" data-image-height=\"750\" data-animation-name=\"customAnimationIn\" data-animation-duration=\"2000\" style=\"background-image: url(&quot;http:\/\/m-creative-design.de\/wp-content\/uploads\/2023\/03\/pexelsphoto428338-9.jpeg&quot;);\">\n                  <div class=\"u-container-layout u-valign-bottom u-container-layout-3\">\n                    <div class=\"u-shape u-shape-svg u-text-custom-color-12 u-shape-2\" data-animation-name=\"customAnimationIn\" data-animation-duration=\"2000\" data-animation-delay=\"0\">\n                      <svg class=\"u-svg-link\" preserveAspectRatio=\"none\" viewBox=\"0 0 160 160\" style=\"\"><use xmlns:xlink=\"http:\/\/www.w3.org\/1999\/xlink\" xlink:href=\"#svg-cf02\"><\/use><\/svg>\n                      <svg class=\"u-svg-content\" viewBox=\"0 0 160 160\" x=\"0px\" y=\"0px\" id=\"svg-cf02\"><path d=\"M152.7,0c-4,0-7.3,3.3-7.3,7.3s3.3,7.3,7.3,7.3c4,0,7.3-3.3,7.3-7.3S156.7,0,152.7,0z M128.5,24.2c-4,0-7.3,3.3-7.3,7.3\n\ts3.3,7.3,7.3,7.3c4,0,7.3-3.3,7.3-7.3S132.5,24.2,128.5,24.2z M152.7,24.2c-4,0-7.3,3.3-7.3,7.3s3.3,7.3,7.3,7.3\n\tc4,0,7.3-3.3,7.3-7.3S156.7,24.2,152.7,24.2z M104.2,48.5c-4,0-7.3,3.3-7.3,7.3s3.3,7.3,7.3,7.3c4,0,7.3-3.3,7.3-7.3\n\tS108.2,48.5,104.2,48.5z M128.5,48.5c-4,0-7.3,3.3-7.3,7.3s3.3,7.3,7.3,7.3c4,0,7.3-3.3,7.3-7.3S132.5,48.5,128.5,48.5z M152.7,48.5\n\tc-4,0-7.3,3.3-7.3,7.3s3.3,7.3,7.3,7.3c4,0,7.3-3.3,7.3-7.3S156.7,48.5,152.7,48.5z M80,72.7c-4,0-7.3,3.3-7.3,7.3s3.3,7.3,7.3,7.3\n\ts7.3-3.3,7.3-7.3S84,72.7,80,72.7z M104.2,72.7c-4,0-7.3,3.3-7.3,7.3s3.3,7.3,7.3,7.3c4,0,7.3-3.3,7.3-7.3S108.2,72.7,104.2,72.7z\n\t M128.5,72.7c-4,0-7.3,3.3-7.3,7.3s3.3,7.3,7.3,7.3c4,0,7.3-3.3,7.3-7.3S132.5,72.7,128.5,72.7z M152.7,72.7c-4,0-7.3,3.3-7.3,7.3\n\ts3.3,7.3,7.3,7.3c4,0,7.3-3.3,7.3-7.3S156.7,72.7,152.7,72.7z M55.8,97c-4,0-7.3,3.3-7.3,7.3c0,4,3.3,7.3,7.3,7.3s7.3-3.3,7.3-7.3\n\tC63,100.3,59.7,97,55.8,97z M80,97c-4,0-7.3,3.3-7.3,7.3c0,4,3.3,7.3,7.3,7.3s7.3-3.3,7.3-7.3C87.3,100.3,84,97,80,97z M104.2,97\n\tc-4,0-7.3,3.3-7.3,7.3c0,4,3.3,7.3,7.3,7.3c4,0,7.3-3.3,7.3-7.3C111.5,100.3,108.2,97,104.2,97z M128.5,97c-4,0-7.3,3.3-7.3,7.3\n\tc0,4,3.3,7.3,7.3,7.3c4,0,7.3-3.3,7.3-7.3C135.8,100.3,132.5,97,128.5,97z M152.7,97c-4,0-7.3,3.3-7.3,7.3c0,4,3.3,7.3,7.3,7.3\n\tc4,0,7.3-3.3,7.3-7.3C160,100.3,156.7,97,152.7,97z M31.5,121.2c-4,0-7.3,3.3-7.3,7.3c0,4,3.3,7.3,7.3,7.3s7.3-3.3,7.3-7.3\n\tC38.8,124.5,35.5,121.2,31.5,121.2z M55.8,121.2c-4,0-7.3,3.3-7.3,7.3c0,4,3.3,7.3,7.3,7.3s7.3-3.3,7.3-7.3\n\tC63,124.5,59.7,121.2,55.8,121.2z M80,121.2c-4,0-7.3,3.3-7.3,7.3c0,4,3.3,7.3,7.3,7.3s7.3-3.3,7.3-7.3\n\tC87.3,124.5,84,121.2,80,121.2z M104.2,121.2c-4,0-7.3,3.3-7.3,7.3c0,4,3.3,7.3,7.3,7.3c4,0,7.3-3.3,7.3-7.3\n\tC111.5,124.5,108.2,121.2,104.2,121.2z M128.5,121.2c-4,0-7.3,3.3-7.3,7.3c0,4,3.3,7.3,7.3,7.3c4,0,7.3-3.3,7.3-7.3\n\tC135.8,124.5,132.5,121.2,128.5,121.2z M152.7,121.2c-4,0-7.3,3.3-7.3,7.3c0,4,3.3,7.3,7.3,7.3c4,0,7.3-3.3,7.3-7.3\n\tC160,124.5,156.7,121.2,152.7,121.2z M7.3,145.5c-4,0-7.3,3.3-7.3,7.3c0,4,3.3,7.3,7.3,7.3s7.3-3.3,7.3-7.3\n\tC14.5,148.8,11.2,145.5,7.3,145.5z M31.5,145.5c-4,0-7.3,3.3-7.3,7.3c0,4,3.3,7.3,7.3,7.3s7.3-3.3,7.3-7.3\n\tC38.8,148.8,35.5,145.5,31.5,145.5z M55.8,145.5c-4,0-7.3,3.3-7.3,7.3c0,4,3.3,7.3,7.3,7.3s7.3-3.3,7.3-7.3\n\tC63,148.8,59.7,145.5,55.8,145.5z M80,145.5c-4,0-7.3,3.3-7.3,7.3c0,4,3.3,7.3,7.3,7.3s7.3-3.3,7.3-7.3\n\tC87.3,148.8,84,145.5,80,145.5z M104.2,145.5c-4,0-7.3,3.3-7.3,7.3c0,4,3.3,7.3,7.3,7.3c4,0,7.3-3.3,7.3-7.3\n\tC111.5,148.8,108.2,145.5,104.2,145.5z M128.5,145.5c-4,0-7.3,3.3-7.3,7.3c0,4,3.3,7.3,7.3,7.3c4,0,7.3-3.3,7.3-7.3\n\tC135.8,148.8,132.5,145.5,128.5,145.5z M152.7,145.5c-4,0-7.3,3.3-7.3,7.3c0,4,3.3,7.3,7.3,7.3c4,0,7.3-3.3,7.3-7.3\n\tC160,148.8,156.7,145.5,152.7,145.5z\"><\/path><\/svg>\n                    <\/div>\n                  <\/div>\n                <\/div>\n              <\/div>\n            <\/div>\n          <\/div>\n        <\/div>\n      <\/div>\n    <\/section>\n    <section class=\"u-clearfix u-section-4\" id=\"carousel_24f0\">\n      <div class=\"u-custom-color-13 u-hidden-sm u-hidden-xs u-shape u-shape-rectangle u-shape-1\" data-animation-name=\"customAnimationIn\" data-animation-duration=\"2000\" data-animation-delay=\"0\"><\/div>\n      <div class=\"u-clearfix u-gutter-20 u-layout-wrap u-layout-wrap-1\">\n        <div class=\"u-layout\">\n          <div class=\"u-layout-row\">\n            <div class=\"u-size-33\">\n              <div class=\"u-layout-col\">\n                <div class=\"u-container-style u-image u-layout-cell u-size-52-md u-size-52-sm u-size-52-xs u-size-60-lg u-size-60-xl u-image-1\" data-image-width=\"980\" data-image-height=\"713\" data-animation-name=\"customAnimationIn\" data-animation-duration=\"2000\" style=\"background-image: url(&quot;http:\/\/m-creative-design.de\/wp-content\/uploads\/2023\/03\/Textil-9.jpg&quot;);\">\n                  <div class=\"u-container-layout u-valign-bottom-md u-valign-bottom-sm u-valign-bottom-xs u-container-layout-1\">\n                    <div class=\"u-shape u-shape-svg u-text-white u-shape-2\" data-animation-name=\"customAnimationIn\" data-animation-duration=\"2000\">\n                      <svg class=\"u-svg-link\" preserveAspectRatio=\"none\" viewBox=\"0 0 160 160\" style=\"\"><use xmlns:xlink=\"http:\/\/www.w3.org\/1999\/xlink\" xlink:href=\"#svg-7712\"><\/use><\/svg>\n                      <svg class=\"u-svg-content\" viewBox=\"0 0 160 160\" x=\"0px\" y=\"0px\" id=\"svg-7712\"><path d=\"M0,7.3c0,4,3.3,7.3,7.3,7.3s7.3-3.3,7.3-7.3S11.3,0,7.3,0S0,3.3,0,7.3z M24.2,31.5c0,4,3.3,7.3,7.3,7.3s7.3-3.3,7.3-7.3\n\ts-3.3-7.3-7.3-7.3S24.2,27.5,24.2,31.5z M0,31.5c0,4,3.3,7.3,7.3,7.3s7.3-3.3,7.3-7.3s-3.3-7.3-7.3-7.3S0,27.5,0,31.5z M48.5,55.8\n\tc0,4,3.3,7.3,7.3,7.3s7.3-3.3,7.3-7.3s-3.3-7.3-7.3-7.3S48.5,51.8,48.5,55.8z M24.2,55.8c0,4,3.3,7.3,7.3,7.3s7.3-3.3,7.3-7.3\n\ts-3.3-7.3-7.3-7.3S24.2,51.8,24.2,55.8z M0,55.8c0,4,3.3,7.3,7.3,7.3s7.3-3.3,7.3-7.3s-3.3-7.3-7.3-7.3S0,51.8,0,55.8z M72.7,80\n\tc0,4,3.3,7.3,7.3,7.3s7.3-3.3,7.3-7.3S84,72.7,80,72.7S72.7,76,72.7,80z M48.5,80c0,4,3.3,7.3,7.3,7.3s7.3-3.3,7.3-7.3\n\ts-3.3-7.3-7.3-7.3S48.5,76,48.5,80z M24.2,80c0,4,3.3,7.3,7.3,7.3s7.3-3.3,7.3-7.3s-3.3-7.3-7.3-7.3S24.2,76,24.2,80z M0,80\n\tc0,4,3.3,7.3,7.3,7.3s7.3-3.3,7.3-7.3s-3.3-7.3-7.3-7.3S0,76,0,80z M96.9,104.3c0,4,3.3,7.3,7.3,7.3s7.3-3.3,7.3-7.3\n\ts-3.3-7.3-7.3-7.3C100.3,97,97,100.3,96.9,104.3z M72.7,104.3c0,4,3.3,7.3,7.3,7.3s7.3-3.3,7.3-7.3S84,97,80,97\n\tS72.7,100.3,72.7,104.3z M48.5,104.3c0,4,3.3,7.3,7.3,7.3s7.3-3.3,7.3-7.3S59.8,97,55.8,97S48.5,100.3,48.5,104.3z M24.2,104.3\n\tc0,4,3.3,7.3,7.3,7.3s7.3-3.3,7.3-7.3S35.5,97,31.5,97S24.2,100.3,24.2,104.3z M0,104.3c0,4,3.3,7.3,7.3,7.3s7.3-3.3,7.3-7.3\n\tS11.3,97,7.3,97S0,100.3,0,104.3z M121.2,128.5c0,4,3.3,7.3,7.3,7.3s7.3-3.3,7.3-7.3s-3.3-7.3-7.3-7.3S121.2,124.5,121.2,128.5z\n\t M96.9,128.5c0,4,3.3,7.3,7.3,7.3s7.3-3.3,7.3-7.3s-3.3-7.3-7.3-7.3C100.3,121.2,97,124.5,96.9,128.5z M72.7,128.5\n\tc0,4,3.3,7.3,7.3,7.3s7.3-3.3,7.3-7.3s-3.3-7.3-7.3-7.3S72.7,124.5,72.7,128.5z M48.5,128.5c0,4,3.3,7.3,7.3,7.3s7.3-3.3,7.3-7.3\n\ts-3.3-7.3-7.3-7.3S48.5,124.5,48.5,128.5z M24.2,128.5c0,4,3.3,7.3,7.3,7.3s7.3-3.3,7.3-7.3s-3.3-7.3-7.3-7.3S24.2,124.5,24.2,128.5\n\tz M0,128.5c0,4,3.3,7.3,7.3,7.3s7.3-3.3,7.3-7.3s-3.3-7.3-7.3-7.3S0,124.5,0,128.5z M145.4,152.8c0,4,3.3,7.3,7.3,7.3\n\ts7.3-3.3,7.3-7.3s-3.3-7.3-7.3-7.3C148.8,145.5,145.5,148.8,145.4,152.8z M121.2,152.8c0,4,3.3,7.3,7.3,7.3s7.3-3.3,7.3-7.3\n\ts-3.3-7.3-7.3-7.3S121.2,148.8,121.2,152.8z M96.9,152.8c0,4,3.3,7.3,7.3,7.3s7.3-3.3,7.3-7.3s-3.3-7.3-7.3-7.3\n\tC100.3,145.5,97,148.8,96.9,152.8z M72.7,152.8c0,4,3.3,7.3,7.3,7.3s7.3-3.3,7.3-7.3s-3.3-7.3-7.3-7.3S72.7,148.8,72.7,152.8z\n\t M48.5,152.8c0,4,3.3,7.3,7.3,7.3s7.3-3.3,7.3-7.3s-3.3-7.3-7.3-7.3S48.5,148.8,48.5,152.8z M24.2,152.8c0,4,3.3,7.3,7.3,7.3\n\ts7.3-3.3,7.3-7.3s-3.3-7.3-7.3-7.3S24.2,148.8,24.2,152.8z M0,152.8c0,4,3.3,7.3,7.3,7.3s7.3-3.3,7.3-7.3s-3.3-7.3-7.3-7.3\n\tS0,148.8,0,152.8z\"><\/path><\/svg>\n                    <\/div>\n                  <\/div>\n                <\/div>\n              <\/div>\n            <\/div>\n            <div class=\"u-size-27\">\n              <div class=\"u-layout-col\">\n                <div class=\"u-container-style u-layout-cell u-size-30-lg u-size-30-xl u-size-38-md u-size-38-sm u-size-38-xs u-layout-cell-2\">\n                  <div class=\"u-container-layout u-valign-bottom u-container-layout-2\">\n                    <h3 class=\"u-custom-font u-font-montserrat u-text u-text-default u-text-1\" data-animation-name=\"customAnimationIn\" data-animation-duration=\"2000\">TEXTILDRUCK<\/h3>\n                    <h1 class=\"u-custom-font u-font-montserrat u-text u-text-default u-text-2\" data-animation-name=\"customAnimationIn\" data-animation-duration=\"2000\">PERFEKTER AUFTRITT<\/h1>\n                  <\/div>\n                <\/div>\n                <div class=\"u-container-style u-custom-color-12 u-layout-cell u-size-30-lg u-size-30-xl u-size-38-md u-size-38-sm u-size-38-xs u-layout-cell-3\" data-animation-name=\"customAnimationIn\" data-animation-duration=\"2000\">\n                  <div class=\"u-container-layout u-container-layout-3\">\n                    <p class=\"u-align-left u-custom-font u-font-montserrat u-text u-text-default u-text-white u-text-3\"> Von Kopf bis Fu\u00df, von der Funktionsjacke bis zu farblich darauf anbgestimmten Shirts. Dank <span style=\"font-weight: 700;\">gro\u00dfer Far<span style=\"font-weight: 700;\"><\/span>bauswahl \n                      <\/span> und <span style=\"font-weight: 700;\">Modellvielfalt <\/span>findet jedes Unternehmen m\u00fchelos ein <span style=\"font-weight: 700;\">passendes Corporate Outfit<\/span>, dass sich mit dem <span style=\"font-weight: 700;\">eigenen Logo<\/span> zum perfekten Auftritt <span style=\"font-weight: 700;\">veredeln<\/span> l\u00e4sst.<br>\n                      <br>Sie sind ein <span style=\"font-weight: 700;\">Verein<\/span>, Club oder suchen etwas f\u00fcr <span style=\"font-weight: 700;\">Abschlussklassen <\/span>und <span style=\"font-weight: 700;\">Junggesellenabschiede<\/span>? Auch dann profitierten Sie bei uns von der gro\u00dfen <span style=\"font-weight: 700;\">Markenvielfalt<\/span>!<br>\n                    <\/p>\n                  <\/div>\n                <\/div>\n              <\/div>\n            <\/div>\n          <\/div>\n        <\/div>\n      <\/div>\n    <\/section>\n    <section class=\"u-clearfix u-valign-middle-lg u-section-5\" id=\"carousel_63e7\">\n      <div class=\"u-custom-color-13 u-hidden-sm u-hidden-xs u-shape u-shape-rectangle u-shape-1\" data-animation-name=\"customAnimationIn\" data-animation-duration=\"2000\" data-animation-delay=\"1000\"><\/div>\n      <div class=\"u-clearfix u-gutter-20 u-layout-wrap u-layout-wrap-1\">\n        <div class=\"u-layout\">\n          <div class=\"u-layout-row\">\n            <div class=\"u-size-27-xl u-size-29-lg u-size-29-md u-size-29-sm u-size-29-xs\">\n              <div class=\"u-layout-col\">\n                <div class=\"u-container-style u-layout-cell u-size-30 u-layout-cell-1\">\n                  <div class=\"u-container-layout u-valign-bottom u-container-layout-1\">\n                    <h3 class=\"u-custom-font u-font-montserrat u-text u-text-default u-text-1\" data-animation-name=\"customAnimationIn\" data-animation-duration=\"2000\">TEXTILDRUCK<\/h3>\n                    <h1 class=\"u-custom-font u-font-montserrat u-text u-text-default u-text-2\" data-animation-name=\"customAnimationIn\" data-animation-duration=\"2000\">NEUGIERIG?<\/h1>\n                  <\/div>\n                <\/div>\n                <div class=\"u-container-style u-custom-color-12 u-layout-cell u-size-30 u-layout-cell-2\" data-animation-name=\"customAnimationIn\" data-animation-duration=\"2000\">\n                  <div class=\"u-container-layout u-valign-middle u-container-layout-2\">\n                    <p class=\"u-align-left u-custom-font u-font-montserrat u-text u-text-default u-text-white u-text-3\"> Dann freuen wir uns von Ihnen zu h\u00f6ren!<br>Gerne unterbreiten wir Ihnen ein unverbindliches Angebot f\u00fcr Ihre gew\u00fcnschten Textilien und deren Druck.<br>\n                      <br>Senden Sie uns einfach Ihr Motiv unter&nbsp;<br>\n                      <a href=\"mailto:info@m-creative-design.de?subject=Textildruck\" class=\"u-active-none u-border-none u-btn u-button-link u-button-style u-custom-font u-font-montserrat u-hover-none u-none u-text-active-palette-1-light-1 u-text-hover-palette-4-light-1 u-text-white u-btn-1\">info@m-creative-design.de<\/a> zu.<br>\n                    <\/p>\n                  <\/div>\n                <\/div>\n              <\/div>\n            <\/div>\n            <div class=\"u-size-31-lg u-size-31-md u-size-31-sm u-size-31-xs u-size-33-xl\">\n              <div class=\"u-layout-col\">\n                <div class=\"u-container-style u-image u-layout-cell u-size-60 u-image-1\" data-image-width=\"1182\" data-image-height=\"787\" data-animation-name=\"customAnimationIn\" data-animation-duration=\"2000\" style=\"background-image: url(&quot;http:\/\/m-creative-design.de\/wp-content\/uploads\/2023\/03\/MCDTextildruck-8.png&quot;);\">\n                  <div class=\"u-container-layout u-valign-bottom u-container-layout-3\">\n                    <div class=\"u-shape u-shape-svg u-text-white u-shape-2\" data-animation-name=\"customAnimationIn\" data-animation-duration=\"2000\" data-animation-delay=\"0\">\n                      <svg class=\"u-svg-link\" preserveAspectRatio=\"none\" viewBox=\"0 0 160 160\" style=\"\"><use xmlns:xlink=\"http:\/\/www.w3.org\/1999\/xlink\" xlink:href=\"#svg-cf02\"><\/use><\/svg>\n                      <svg class=\"u-svg-content\" viewBox=\"0 0 160 160\" x=\"0px\" y=\"0px\" id=\"svg-cf02\"><path d=\"M152.7,0c-4,0-7.3,3.3-7.3,7.3s3.3,7.3,7.3,7.3c4,0,7.3-3.3,7.3-7.3S156.7,0,152.7,0z M128.5,24.2c-4,0-7.3,3.3-7.3,7.3\n\ts3.3,7.3,7.3,7.3c4,0,7.3-3.3,7.3-7.3S132.5,24.2,128.5,24.2z M152.7,24.2c-4,0-7.3,3.3-7.3,7.3s3.3,7.3,7.3,7.3\n\tc4,0,7.3-3.3,7.3-7.3S156.7,24.2,152.7,24.2z M104.2,48.5c-4,0-7.3,3.3-7.3,7.3s3.3,7.3,7.3,7.3c4,0,7.3-3.3,7.3-7.3\n\tS108.2,48.5,104.2,48.5z M128.5,48.5c-4,0-7.3,3.3-7.3,7.3s3.3,7.3,7.3,7.3c4,0,7.3-3.3,7.3-7.3S132.5,48.5,128.5,48.5z M152.7,48.5\n\tc-4,0-7.3,3.3-7.3,7.3s3.3,7.3,7.3,7.3c4,0,7.3-3.3,7.3-7.3S156.7,48.5,152.7,48.5z M80,72.7c-4,0-7.3,3.3-7.3,7.3s3.3,7.3,7.3,7.3\n\ts7.3-3.3,7.3-7.3S84,72.7,80,72.7z M104.2,72.7c-4,0-7.3,3.3-7.3,7.3s3.3,7.3,7.3,7.3c4,0,7.3-3.3,7.3-7.3S108.2,72.7,104.2,72.7z\n\t M128.5,72.7c-4,0-7.3,3.3-7.3,7.3s3.3,7.3,7.3,7.3c4,0,7.3-3.3,7.3-7.3S132.5,72.7,128.5,72.7z M152.7,72.7c-4,0-7.3,3.3-7.3,7.3\n\ts3.3,7.3,7.3,7.3c4,0,7.3-3.3,7.3-7.3S156.7,72.7,152.7,72.7z M55.8,97c-4,0-7.3,3.3-7.3,7.3c0,4,3.3,7.3,7.3,7.3s7.3-3.3,7.3-7.3\n\tC63,100.3,59.7,97,55.8,97z M80,97c-4,0-7.3,3.3-7.3,7.3c0,4,3.3,7.3,7.3,7.3s7.3-3.3,7.3-7.3C87.3,100.3,84,97,80,97z M104.2,97\n\tc-4,0-7.3,3.3-7.3,7.3c0,4,3.3,7.3,7.3,7.3c4,0,7.3-3.3,7.3-7.3C111.5,100.3,108.2,97,104.2,97z M128.5,97c-4,0-7.3,3.3-7.3,7.3\n\tc0,4,3.3,7.3,7.3,7.3c4,0,7.3-3.3,7.3-7.3C135.8,100.3,132.5,97,128.5,97z M152.7,97c-4,0-7.3,3.3-7.3,7.3c0,4,3.3,7.3,7.3,7.3\n\tc4,0,7.3-3.3,7.3-7.3C160,100.3,156.7,97,152.7,97z M31.5,121.2c-4,0-7.3,3.3-7.3,7.3c0,4,3.3,7.3,7.3,7.3s7.3-3.3,7.3-7.3\n\tC38.8,124.5,35.5,121.2,31.5,121.2z M55.8,121.2c-4,0-7.3,3.3-7.3,7.3c0,4,3.3,7.3,7.3,7.3s7.3-3.3,7.3-7.3\n\tC63,124.5,59.7,121.2,55.8,121.2z M80,121.2c-4,0-7.3,3.3-7.3,7.3c0,4,3.3,7.3,7.3,7.3s7.3-3.3,7.3-7.3\n\tC87.3,124.5,84,121.2,80,121.2z M104.2,121.2c-4,0-7.3,3.3-7.3,7.3c0,4,3.3,7.3,7.3,7.3c4,0,7.3-3.3,7.3-7.3\n\tC111.5,124.5,108.2,121.2,104.2,121.2z M128.5,121.2c-4,0-7.3,3.3-7.3,7.3c0,4,3.3,7.3,7.3,7.3c4,0,7.3-3.3,7.3-7.3\n\tC135.8,124.5,132.5,121.2,128.5,121.2z M152.7,121.2c-4,0-7.3,3.3-7.3,7.3c0,4,3.3,7.3,7.3,7.3c4,0,7.3-3.3,7.3-7.3\n\tC160,124.5,156.7,121.2,152.7,121.2z M7.3,145.5c-4,0-7.3,3.3-7.3,7.3c0,4,3.3,7.3,7.3,7.3s7.3-3.3,7.3-7.3\n\tC14.5,148.8,11.2,145.5,7.3,145.5z M31.5,145.5c-4,0-7.3,3.3-7.3,7.3c0,4,3.3,7.3,7.3,7.3s7.3-3.3,7.3-7.3\n\tC38.8,148.8,35.5,145.5,31.5,145.5z M55.8,145.5c-4,0-7.3,3.3-7.3,7.3c0,4,3.3,7.3,7.3,7.3s7.3-3.3,7.3-7.3\n\tC63,148.8,59.7,145.5,55.8,145.5z M80,145.5c-4,0-7.3,3.3-7.3,7.3c0,4,3.3,7.3,7.3,7.3s7.3-3.3,7.3-7.3\n\tC87.3,148.8,84,145.5,80,145.5z M104.2,145.5c-4,0-7.3,3.3-7.3,7.3c0,4,3.3,7.3,7.3,7.3c4,0,7.3-3.3,7.3-7.3\n\tC111.5,148.8,108.2,145.5,104.2,145.5z M128.5,145.5c-4,0-7.3,3.3-7.3,7.3c0,4,3.3,7.3,7.3,7.3c4,0,7.3-3.3,7.3-7.3\n\tC135.8,148.8,132.5,145.5,128.5,145.5z M152.7,145.5c-4,0-7.3,3.3-7.3,7.3c0,4,3.3,7.3,7.3,7.3c4,0,7.3-3.3,7.3-7.3\n\tC160,148.8,156.7,145.5,152.7,145.5z\"><\/path><\/svg>\n                    <\/div>\n                  <\/div>\n                <\/div>\n              <\/div>\n            <\/div>\n          <\/div>\n        <\/div>\n      <\/div>\n    <\/section>\n    \n    \n  \n<\/div>","protected":false},"excerpt":{"rendered":"<p>TEXTILDRUCK TRAGBARE WERBUNG Bei den Textilien achten wir auf hohe Qualit\u00e4t und verarbeiten somit nur hochwertige Produkte. Wir bieten Ihnen eine Hochleistungsfolie zur Veflockung der Textilien in mehreren Farben. Durch die Strechteigenschaft dieser Folien, sind diese optimal f\u00fcr die Beflockung von Trikots und Textilien geeignet. Dabei bieten wir Ihnen gerne Textilien an oder bedrucken auch&hellip; <a class=\"more-link\" href=\"https:\/\/m-creative-design.de\/?page_id=3800\"><span class=\"screen-reader-text\">TEXTIL<\/span> weiterlesen<\/a><\/p>\n","protected":false},"author":1,"featured_media":0,"parent":0,"menu_order":8,"comment_status":"closed","ping_status":"closed","template":"","meta":{"footnotes":""},"class_list":["post-3800","page","type-page","status-publish","hentry","entry"],"_links":{"self":[{"href":"https:\/\/m-creative-design.de\/index.php?rest_route=\/wp\/v2\/pages\/3800","targetHints":{"allow":["GET"]}}],"collection":[{"href":"https:\/\/m-creative-design.de\/index.php?rest_route=\/wp\/v2\/pages"}],"about":[{"href":"https:\/\/m-creative-design.de\/index.php?rest_route=\/wp\/v2\/types\/page"}],"author":[{"embeddable":true,"href":"https:\/\/m-creative-design.de\/index.php?rest_route=\/wp\/v2\/users\/1"}],"replies":[{"embeddable":true,"href":"https:\/\/m-creative-design.de\/index.php?rest_route=%2Fwp%2Fv2%2Fcomments&post=3800"}],"version-history":[{"count":2,"href":"https:\/\/m-creative-design.de\/index.php?rest_route=\/wp\/v2\/pages\/3800\/revisions"}],"predecessor-version":[{"id":3841,"href":"https:\/\/m-creative-design.de\/index.php?rest_route=\/wp\/v2\/pages\/3800\/revisions\/3841"}],"wp:attachment":[{"href":"https:\/\/m-creative-design.de\/index.php?rest_route=%2Fwp%2Fv2%2Fmedia&parent=3800"}],"curies":[{"name":"wp","href":"https:\/\/api.w.org\/{rel}","templated":true}]}}