{"id":3795,"date":"2023-03-28T12:34:28","date_gmt":"2023-03-28T12:34:28","guid":{"rendered":"https:\/\/m-creative-design.de\/?page_id=3795"},"modified":"2023-03-28T12:52:26","modified_gmt":"2023-03-28T12:52:26","slug":"social-media-2","status":"publish","type":"page","link":"https:\/\/m-creative-design.de\/?page_id=3795","title":{"rendered":"SOCIAL MEDIA"},"content":{"rendered":"<div class=\"\" style=\"\" >\n  \n    \n    <section class=\"u-clearfix u-image u-shading u-section-2\" id=\"sec-fb88\" data-image-width=\"1179\" data-image-height=\"708\" style=\"background-image: linear-gradient(0deg, rgba(0, 0, 0, 0.3), rgba(0, 0, 0, 0.3)), url(&quot;http:\/\/m-creative-design.de\/wp-content\/uploads\/2023\/03\/MSocialMediaBild-6.png&quot;);\">\n      <div class=\"u-clearfix u-sheet u-sheet-1\">\n        <img decoding=\"async\" class=\"u-image u-image-default u-preserve-proportions u-image-1\" src=\"http:\/\/m-creative-design.de\/wp-content\/uploads\/2023\/03\/MSocialMedia-6.png\" alt=\"\" data-image-width=\"562\" data-image-height=\"394\" data-animation-name=\"customAnimationIn\" data-animation-duration=\"2500\" data-animation-delay=\"500\">\n      <\/div>\n    <\/section>\n    <section class=\"u-clearfix u-section-3\" id=\"sec-7546\">\n      <div class=\"u-custom-color-13 u-hidden-sm u-hidden-xs u-shape u-shape-rectangle u-shape-1\" data-animation-name=\"customAnimationIn\" data-animation-duration=\"2000\" data-animation-delay=\"1000\"><\/div>\n      <div class=\"u-clearfix u-gutter-20 u-layout-wrap u-layout-wrap-1\">\n        <div class=\"u-layout\">\n          <div class=\"u-layout-row\">\n            <div class=\"u-size-36\">\n              <div class=\"u-layout-col\">\n                <div class=\"u-container-style u-layout-cell u-size-30 u-layout-cell-1\">\n                  <div class=\"u-container-layout u-valign-bottom u-container-layout-1\">\n                    <h3 class=\"u-custom-font u-font-montserrat u-text u-text-default u-text-1\" data-animation-name=\"customAnimationIn\" data-animation-duration=\"2000\">SOCIAL MEDIA<\/h3>\n                    <h1 class=\"u-custom-font u-font-montserrat u-text u-text-default u-text-2\" data-animation-name=\"customAnimationIn\" data-animation-duration=\"2000\">FACEBOOK<\/h1>\n                  <\/div>\n                <\/div>\n                <div class=\"u-container-align-left u-container-style u-custom-color-12 u-layout-cell u-size-30 u-layout-cell-2\" data-animation-name=\"customAnimationIn\" data-animation-duration=\"2000\">\n                  <div class=\"u-container-layout u-valign-middle u-container-layout-2\">\n                    <p class=\"u-align-left u-custom-font u-font-montserrat u-text u-text-default u-text-white u-text-3\">\n                      <span style=\"font-weight: 700;\">Facebook<\/span> ist das weltweit gr\u00f6\u00dfte soziale Netzwerk und z\u00e4hlt <span style=\"font-weight: 700;\">knapp&nbsp;30 Millionen aktive Nutzer in Deutschland<\/span>. F\u00fcr Unternehmen ist es zu einem der wichtigsten Marketing-Instrumente geworden.&nbsp;<br>\n                      <br>Beitr\u00e4ge landen direkt auf der<span style=\"font-weight: 700;\"> pers\u00f6nlichen Pinnwand des Endkunden<\/span> und k\u00f6nnen aus Bildern, Videos und Links bestehen. Die&nbsp;<i>Anzeigenschaltung<\/i> &nbsp;bei Facebook ist sehr attraktiv, da man seine <span style=\"font-weight: 700;\">Zielgruppe genaustens bestimmen<\/span> kann und somit die Streuverlust sehr gering sind. \n                    <\/p>\n                  <\/div>\n                <\/div>\n              <\/div>\n            <\/div>\n            <div class=\"u-size-24\">\n              <div class=\"u-layout-col\">\n                <div class=\"u-container-style u-image u-layout-cell u-shading u-size-60 u-image-1\" data-image-width=\"1500\" data-image-height=\"525\" data-animation-name=\"customAnimationIn\" data-animation-duration=\"2000\" style=\"background-image: linear-gradient(0deg, rgba(0, 0, 0, 0.2), rgba(0, 0, 0, 0.2)), url(&quot;http:\/\/m-creative-design.de\/wp-content\/uploads\/2023\/03\/MCDFacebook-5.png&quot;);\">\n                  <div class=\"u-container-layout u-valign-bottom u-container-layout-3\">\n                    <div class=\"u-shape u-shape-svg u-text-white u-shape-2\" data-animation-name=\"customAnimationIn\" data-animation-duration=\"2000\" data-animation-delay=\"0\">\n                      <svg class=\"u-svg-link\" preserveAspectRatio=\"none\" viewBox=\"0 0 160 160\" style=\"\"><use xmlns:xlink=\"http:\/\/www.w3.org\/1999\/xlink\" xlink:href=\"#svg-cf02\"><\/use><\/svg>\n                      <svg class=\"u-svg-content\" viewBox=\"0 0 160 160\" x=\"0px\" y=\"0px\" id=\"svg-cf02\"><path d=\"M152.7,0c-4,0-7.3,3.3-7.3,7.3s3.3,7.3,7.3,7.3c4,0,7.3-3.3,7.3-7.3S156.7,0,152.7,0z M128.5,24.2c-4,0-7.3,3.3-7.3,7.3\n\ts3.3,7.3,7.3,7.3c4,0,7.3-3.3,7.3-7.3S132.5,24.2,128.5,24.2z M152.7,24.2c-4,0-7.3,3.3-7.3,7.3s3.3,7.3,7.3,7.3\n\tc4,0,7.3-3.3,7.3-7.3S156.7,24.2,152.7,24.2z M104.2,48.5c-4,0-7.3,3.3-7.3,7.3s3.3,7.3,7.3,7.3c4,0,7.3-3.3,7.3-7.3\n\tS108.2,48.5,104.2,48.5z M128.5,48.5c-4,0-7.3,3.3-7.3,7.3s3.3,7.3,7.3,7.3c4,0,7.3-3.3,7.3-7.3S132.5,48.5,128.5,48.5z M152.7,48.5\n\tc-4,0-7.3,3.3-7.3,7.3s3.3,7.3,7.3,7.3c4,0,7.3-3.3,7.3-7.3S156.7,48.5,152.7,48.5z M80,72.7c-4,0-7.3,3.3-7.3,7.3s3.3,7.3,7.3,7.3\n\ts7.3-3.3,7.3-7.3S84,72.7,80,72.7z M104.2,72.7c-4,0-7.3,3.3-7.3,7.3s3.3,7.3,7.3,7.3c4,0,7.3-3.3,7.3-7.3S108.2,72.7,104.2,72.7z\n\t M128.5,72.7c-4,0-7.3,3.3-7.3,7.3s3.3,7.3,7.3,7.3c4,0,7.3-3.3,7.3-7.3S132.5,72.7,128.5,72.7z M152.7,72.7c-4,0-7.3,3.3-7.3,7.3\n\ts3.3,7.3,7.3,7.3c4,0,7.3-3.3,7.3-7.3S156.7,72.7,152.7,72.7z M55.8,97c-4,0-7.3,3.3-7.3,7.3c0,4,3.3,7.3,7.3,7.3s7.3-3.3,7.3-7.3\n\tC63,100.3,59.7,97,55.8,97z M80,97c-4,0-7.3,3.3-7.3,7.3c0,4,3.3,7.3,7.3,7.3s7.3-3.3,7.3-7.3C87.3,100.3,84,97,80,97z M104.2,97\n\tc-4,0-7.3,3.3-7.3,7.3c0,4,3.3,7.3,7.3,7.3c4,0,7.3-3.3,7.3-7.3C111.5,100.3,108.2,97,104.2,97z M128.5,97c-4,0-7.3,3.3-7.3,7.3\n\tc0,4,3.3,7.3,7.3,7.3c4,0,7.3-3.3,7.3-7.3C135.8,100.3,132.5,97,128.5,97z M152.7,97c-4,0-7.3,3.3-7.3,7.3c0,4,3.3,7.3,7.3,7.3\n\tc4,0,7.3-3.3,7.3-7.3C160,100.3,156.7,97,152.7,97z M31.5,121.2c-4,0-7.3,3.3-7.3,7.3c0,4,3.3,7.3,7.3,7.3s7.3-3.3,7.3-7.3\n\tC38.8,124.5,35.5,121.2,31.5,121.2z M55.8,121.2c-4,0-7.3,3.3-7.3,7.3c0,4,3.3,7.3,7.3,7.3s7.3-3.3,7.3-7.3\n\tC63,124.5,59.7,121.2,55.8,121.2z M80,121.2c-4,0-7.3,3.3-7.3,7.3c0,4,3.3,7.3,7.3,7.3s7.3-3.3,7.3-7.3\n\tC87.3,124.5,84,121.2,80,121.2z M104.2,121.2c-4,0-7.3,3.3-7.3,7.3c0,4,3.3,7.3,7.3,7.3c4,0,7.3-3.3,7.3-7.3\n\tC111.5,124.5,108.2,121.2,104.2,121.2z M128.5,121.2c-4,0-7.3,3.3-7.3,7.3c0,4,3.3,7.3,7.3,7.3c4,0,7.3-3.3,7.3-7.3\n\tC135.8,124.5,132.5,121.2,128.5,121.2z M152.7,121.2c-4,0-7.3,3.3-7.3,7.3c0,4,3.3,7.3,7.3,7.3c4,0,7.3-3.3,7.3-7.3\n\tC160,124.5,156.7,121.2,152.7,121.2z M7.3,145.5c-4,0-7.3,3.3-7.3,7.3c0,4,3.3,7.3,7.3,7.3s7.3-3.3,7.3-7.3\n\tC14.5,148.8,11.2,145.5,7.3,145.5z M31.5,145.5c-4,0-7.3,3.3-7.3,7.3c0,4,3.3,7.3,7.3,7.3s7.3-3.3,7.3-7.3\n\tC38.8,148.8,35.5,145.5,31.5,145.5z M55.8,145.5c-4,0-7.3,3.3-7.3,7.3c0,4,3.3,7.3,7.3,7.3s7.3-3.3,7.3-7.3\n\tC63,148.8,59.7,145.5,55.8,145.5z M80,145.5c-4,0-7.3,3.3-7.3,7.3c0,4,3.3,7.3,7.3,7.3s7.3-3.3,7.3-7.3\n\tC87.3,148.8,84,145.5,80,145.5z M104.2,145.5c-4,0-7.3,3.3-7.3,7.3c0,4,3.3,7.3,7.3,7.3c4,0,7.3-3.3,7.3-7.3\n\tC111.5,148.8,108.2,145.5,104.2,145.5z M128.5,145.5c-4,0-7.3,3.3-7.3,7.3c0,4,3.3,7.3,7.3,7.3c4,0,7.3-3.3,7.3-7.3\n\tC135.8,148.8,132.5,145.5,128.5,145.5z M152.7,145.5c-4,0-7.3,3.3-7.3,7.3c0,4,3.3,7.3,7.3,7.3c4,0,7.3-3.3,7.3-7.3\n\tC160,148.8,156.7,145.5,152.7,145.5z\"><\/path><\/svg>\n                    <\/div>\n                  <\/div>\n                <\/div>\n              <\/div>\n            <\/div>\n          <\/div>\n        <\/div>\n      <\/div>\n    <\/section>\n    <section class=\"u-clearfix u-valign-middle-sm u-section-4\" id=\"carousel_3484\">\n      <div class=\"u-custom-color-13 u-hidden-sm u-hidden-xs u-shape u-shape-rectangle u-shape-1\" data-animation-name=\"customAnimationIn\" data-animation-duration=\"2000\" data-animation-delay=\"1000\"><\/div>\n      <div class=\"u-clearfix u-gutter-20 u-layout-wrap u-layout-wrap-1\">\n        <div class=\"u-layout\">\n          <div class=\"u-layout-row\">\n            <div class=\"u-size-24\">\n              <div class=\"u-layout-col\">\n                <div class=\"u-container-style u-image u-layout-cell u-shading u-size-60 u-image-1\" data-image-width=\"1520\" data-image-height=\"855\" data-animation-name=\"customAnimationIn\" data-animation-duration=\"2000\" style=\"background-image: linear-gradient(0deg, rgba(0, 0, 0, 0.2), rgba(0, 0, 0, 0.2)), url(&quot;http:\/\/m-creative-design.de\/wp-content\/uploads\/2023\/03\/MCDInstagram-5.png&quot;);\">\n                  <div class=\"u-container-layout u-valign-bottom-lg u-valign-bottom-md u-valign-bottom-sm u-valign-bottom-xs u-container-layout-1\">\n                    <div class=\"u-shape u-shape-svg u-text-white u-shape-2\" data-animation-name=\"customAnimationIn\" data-animation-duration=\"2000\">\n                      <svg class=\"u-svg-link\" preserveAspectRatio=\"none\" viewBox=\"0 0 160 160\" style=\"\"><use xmlns:xlink=\"http:\/\/www.w3.org\/1999\/xlink\" xlink:href=\"#svg-5394\"><\/use><\/svg>\n                      <svg class=\"u-svg-content\" viewBox=\"0 0 160 160\" x=\"0px\" y=\"0px\" id=\"svg-5394\"><path d=\"M0,7.3c0,4,3.3,7.3,7.3,7.3s7.3-3.3,7.3-7.3S11.3,0,7.3,0S0,3.3,0,7.3z M24.2,31.5c0,4,3.3,7.3,7.3,7.3s7.3-3.3,7.3-7.3\n\ts-3.3-7.3-7.3-7.3S24.2,27.5,24.2,31.5z M0,31.5c0,4,3.3,7.3,7.3,7.3s7.3-3.3,7.3-7.3s-3.3-7.3-7.3-7.3S0,27.5,0,31.5z M48.5,55.8\n\tc0,4,3.3,7.3,7.3,7.3s7.3-3.3,7.3-7.3s-3.3-7.3-7.3-7.3S48.5,51.8,48.5,55.8z M24.2,55.8c0,4,3.3,7.3,7.3,7.3s7.3-3.3,7.3-7.3\n\ts-3.3-7.3-7.3-7.3S24.2,51.8,24.2,55.8z M0,55.8c0,4,3.3,7.3,7.3,7.3s7.3-3.3,7.3-7.3s-3.3-7.3-7.3-7.3S0,51.8,0,55.8z M72.7,80\n\tc0,4,3.3,7.3,7.3,7.3s7.3-3.3,7.3-7.3S84,72.7,80,72.7S72.7,76,72.7,80z M48.5,80c0,4,3.3,7.3,7.3,7.3s7.3-3.3,7.3-7.3\n\ts-3.3-7.3-7.3-7.3S48.5,76,48.5,80z M24.2,80c0,4,3.3,7.3,7.3,7.3s7.3-3.3,7.3-7.3s-3.3-7.3-7.3-7.3S24.2,76,24.2,80z M0,80\n\tc0,4,3.3,7.3,7.3,7.3s7.3-3.3,7.3-7.3s-3.3-7.3-7.3-7.3S0,76,0,80z M96.9,104.3c0,4,3.3,7.3,7.3,7.3s7.3-3.3,7.3-7.3\n\ts-3.3-7.3-7.3-7.3C100.3,97,97,100.3,96.9,104.3z M72.7,104.3c0,4,3.3,7.3,7.3,7.3s7.3-3.3,7.3-7.3S84,97,80,97\n\tS72.7,100.3,72.7,104.3z M48.5,104.3c0,4,3.3,7.3,7.3,7.3s7.3-3.3,7.3-7.3S59.8,97,55.8,97S48.5,100.3,48.5,104.3z M24.2,104.3\n\tc0,4,3.3,7.3,7.3,7.3s7.3-3.3,7.3-7.3S35.5,97,31.5,97S24.2,100.3,24.2,104.3z M0,104.3c0,4,3.3,7.3,7.3,7.3s7.3-3.3,7.3-7.3\n\tS11.3,97,7.3,97S0,100.3,0,104.3z M121.2,128.5c0,4,3.3,7.3,7.3,7.3s7.3-3.3,7.3-7.3s-3.3-7.3-7.3-7.3S121.2,124.5,121.2,128.5z\n\t M96.9,128.5c0,4,3.3,7.3,7.3,7.3s7.3-3.3,7.3-7.3s-3.3-7.3-7.3-7.3C100.3,121.2,97,124.5,96.9,128.5z M72.7,128.5\n\tc0,4,3.3,7.3,7.3,7.3s7.3-3.3,7.3-7.3s-3.3-7.3-7.3-7.3S72.7,124.5,72.7,128.5z M48.5,128.5c0,4,3.3,7.3,7.3,7.3s7.3-3.3,7.3-7.3\n\ts-3.3-7.3-7.3-7.3S48.5,124.5,48.5,128.5z M24.2,128.5c0,4,3.3,7.3,7.3,7.3s7.3-3.3,7.3-7.3s-3.3-7.3-7.3-7.3S24.2,124.5,24.2,128.5\n\tz M0,128.5c0,4,3.3,7.3,7.3,7.3s7.3-3.3,7.3-7.3s-3.3-7.3-7.3-7.3S0,124.5,0,128.5z M145.4,152.8c0,4,3.3,7.3,7.3,7.3\n\ts7.3-3.3,7.3-7.3s-3.3-7.3-7.3-7.3C148.8,145.5,145.5,148.8,145.4,152.8z M121.2,152.8c0,4,3.3,7.3,7.3,7.3s7.3-3.3,7.3-7.3\n\ts-3.3-7.3-7.3-7.3S121.2,148.8,121.2,152.8z M96.9,152.8c0,4,3.3,7.3,7.3,7.3s7.3-3.3,7.3-7.3s-3.3-7.3-7.3-7.3\n\tC100.3,145.5,97,148.8,96.9,152.8z M72.7,152.8c0,4,3.3,7.3,7.3,7.3s7.3-3.3,7.3-7.3s-3.3-7.3-7.3-7.3S72.7,148.8,72.7,152.8z\n\t M48.5,152.8c0,4,3.3,7.3,7.3,7.3s7.3-3.3,7.3-7.3s-3.3-7.3-7.3-7.3S48.5,148.8,48.5,152.8z M24.2,152.8c0,4,3.3,7.3,7.3,7.3\n\ts7.3-3.3,7.3-7.3s-3.3-7.3-7.3-7.3S24.2,148.8,24.2,152.8z M0,152.8c0,4,3.3,7.3,7.3,7.3s7.3-3.3,7.3-7.3s-3.3-7.3-7.3-7.3\n\tS0,148.8,0,152.8z\"><\/path><\/svg>\n                    <\/div>\n                  <\/div>\n                <\/div>\n              <\/div>\n            <\/div>\n            <div class=\"u-size-36\">\n              <div class=\"u-layout-col\">\n                <div class=\"u-container-style u-layout-cell u-size-30 u-layout-cell-2\">\n                  <div class=\"u-container-layout u-valign-bottom u-container-layout-2\">\n                    <h3 class=\"u-custom-font u-font-montserrat u-text u-text-default u-text-1\" data-animation-name=\"customAnimationIn\" data-animation-duration=\"2000\">SOCIAL MEDIA<\/h3>\n                    <h1 class=\"u-custom-font u-font-montserrat u-text u-text-default u-text-2\" data-animation-name=\"customAnimationIn\" data-animation-duration=\"2000\">INSTAGRAM<\/h1>\n                  <\/div>\n                <\/div>\n                <div class=\"u-container-align-left u-container-style u-custom-color-12 u-layout-cell u-size-30 u-layout-cell-3\" data-animation-name=\"customAnimationIn\" data-animation-duration=\"2000\">\n                  <div class=\"u-container-layout u-valign-middle u-container-layout-3\">\n                    <p class=\"u-align-left u-custom-font u-font-montserrat u-text u-text-default u-text-white u-text-3\">\n                      <span style=\"font-weight: 700;\"> Instagram<\/span> ist neben Facebook ein sehr beliebtes Medium, um seine <span style=\"font-weight: 700;\">Marke zu pr\u00e4sentieren<\/span> und seinen Kunden mit&nbsp;Fotos und Videos&nbsp;einen Lifestyle vorzuleben. Hier sind die sogenannten&nbsp;<i>Hashtags<\/i>&nbsp;\u201c#\u201d gro\u00df geworden. Die Schaltung von <span style=\"font-weight: 700;\">Werbeanzeigen<\/span> ist bei Instagram etwas <span style=\"font-weight: 700;\">anders als bei Facebook<\/span>, da hier nur Werbung zwischen den Beitr\u00e4gen geschaltet werden kann. <span style=\"font-weight: 700;\">Deshalb ist es wichtig, dass sich Ihre Werbung von den anderen abhebt.&nbsp;<\/span>\n                      <br>Mit der Funktion \u201cStories\u201d kann man Bilder &amp; Videos teilen, die nach 24 Stunden wieder gel\u00f6scht werden. Somit ist der User jeden Tag \u201cgezwungen\u201d sich mit Ihrem Unternehmen auseinanderzusetzen, wenn er informiert bleiben will. \n                    <\/p>\n                  <\/div>\n                <\/div>\n              <\/div>\n            <\/div>\n          <\/div>\n        <\/div>\n      <\/div>\n    <\/section>\n    <section class=\"u-clearfix u-container-align-center u-image u-shading u-section-5\" id=\"sec-3136\" data-image-width=\"2459\" data-image-height=\"1383\" style=\"background-image: linear-gradient(0deg, rgba(0, 0, 0, 0.25), rgba(0, 0, 0, 0.25)), url(&quot;http:\/\/m-creative-design.de\/wp-content\/uploads\/2023\/03\/MCDMarketingBesprechung-5.png&quot;);\">\n      <div class=\"u-clearfix u-sheet u-valign-middle-md u-valign-middle-sm u-valign-middle-xs u-sheet-1\">\n        <div class=\"u-clearfix u-expanded-width u-layout-wrap u-layout-wrap-1\">\n          <div class=\"u-layout\">\n            <div class=\"u-layout-col\">\n              <div class=\"u-size-30\">\n                <div class=\"u-layout-row\">\n                  <div class=\"u-container-align-center u-container-style u-layout-cell u-size-15 u-layout-cell-1\">\n                    <div class=\"u-container-layout u-valign-middle-lg u-valign-middle-md u-valign-middle-sm u-valign-middle-xs u-container-layout-1\">\n                      <p class=\"u-align-center u-custom-font u-font-montserrat u-text u-text-default u-text-white u-text-1\" data-animation-name=\"customAnimationIn\" data-animation-duration=\"500\">BERATUNG<\/p>\n                    <\/div>\n                  <\/div>\n                  <div class=\"u-container-align-center u-container-style u-layout-cell u-shape-rectangle u-size-11-md u-size-11-sm u-size-11-xs u-size-15-lg u-size-15-xl u-layout-cell-2\">\n                    <div class=\"u-container-layout u-valign-middle u-container-layout-2\">\n                      <p class=\"u-align-center u-custom-font u-font-montserrat u-text u-text-default u-text-white u-text-2\" data-animation-name=\"customAnimationIn\" data-animation-duration=\"500\" data-animation-delay=\"750\">IDEEN<\/p>\n                    <\/div>\n                  <\/div>\n                  <div class=\"u-container-align-center u-container-style u-layout-cell u-size-15-lg u-size-15-xl u-size-19-md u-size-19-sm u-size-19-xs u-layout-cell-3\">\n                    <div class=\"u-container-layout u-valign-middle u-container-layout-3\">\n                      <p class=\"u-align-center u-custom-font u-font-montserrat u-text u-text-default u-text-white u-text-3\" data-animation-name=\"customAnimationIn\" data-animation-duration=\"500\" data-animation-delay=\"1500\">ENGAGEMENT<\/p>\n                    <\/div>\n                  <\/div>\n                  <div class=\"u-container-align-center u-container-style u-layout-cell u-size-15 u-layout-cell-4\">\n                    <div class=\"u-container-layout u-valign-middle u-container-layout-4\">\n                      <p class=\"u-align-center u-custom-font u-font-montserrat u-text u-text-default u-text-white u-text-4\" data-animation-name=\"customAnimationIn\" data-animation-duration=\"500\" data-animation-delay=\"2250\">EFFIZIENZ<\/p>\n                    <\/div>\n                  <\/div>\n                <\/div>\n              <\/div>\n              <div class=\"u-size-30\">\n                <div class=\"u-layout-row\">\n                  <div class=\"u-container-style u-layout-cell u-size-60 u-layout-cell-5\">\n                    <div class=\"u-container-layout u-container-layout-5\">\n                      <p class=\"duration4 infinite pop u-align-center-md u-align-center-sm u-align-center-xs u-custom-font u-text u-text-default u-text-white u-text-5\" data-animation-name=\"customAnimationIn\" data-animation-direction=\"\" data-animation-duration=\"750\" data-animation-delay=\"3000\">Let\u00b4s get social!<\/p>\n                      <a href=\"mailto:info@m-creative-design.de?subject=Social%20Media%20Anfrage\" class=\"u-border-2 u-border-white u-btn u-btn-round u-button-style u-gradient u-none u-radius-4 u-text-body-alt-color u-btn-1\" data-animation-name=\"customAnimationIn\" data-animation-duration=\"1000\" data-animation-delay=\"3750\">zur anfrage<\/a>\n                    <\/div>\n                  <\/div>\n                <\/div>\n              <\/div>\n            <\/div>\n          <\/div>\n        <\/div>\n      <\/div>\n    <\/section>\n    <section class=\"u-clearfix u-valign-middle-lg u-section-6\" id=\"carousel_a508\">\n      <div class=\"u-custom-color-13 u-hidden-sm u-hidden-xs u-shape u-shape-rectangle u-shape-1\" data-animation-name=\"customAnimationIn\" data-animation-duration=\"2000\" data-animation-delay=\"1000\"><\/div>\n      <div class=\"u-clearfix u-gutter-20 u-layout-wrap u-layout-wrap-1\">\n        <div class=\"u-layout\">\n          <div class=\"u-layout-row\">\n            <div class=\"u-size-36\">\n              <div class=\"u-layout-col\">\n                <div class=\"u-container-style u-layout-cell u-size-30 u-layout-cell-1\">\n                  <div class=\"u-container-layout u-valign-bottom u-container-layout-1\">\n                    <h3 class=\"u-custom-font u-font-montserrat u-text u-text-default u-text-1\" data-animation-name=\"customAnimationIn\" data-animation-duration=\"2000\">SOCIAL MEDIA<\/h3>\n                    <h1 class=\"u-custom-font u-font-montserrat u-text u-text-default u-text-2\" data-animation-name=\"customAnimationIn\" data-animation-duration=\"2000\">WERBEN SIE, OHNE ZU NERVEN!<\/h1>\n                  <\/div>\n                <\/div>\n                <div class=\"u-container-align-left u-container-style u-custom-color-12 u-layout-cell u-size-30 u-layout-cell-2\" data-animation-name=\"customAnimationIn\" data-animation-duration=\"2000\">\n                  <div class=\"u-container-layout u-valign-middle u-container-layout-2\">\n                    <p class=\"u-align-left u-custom-font u-font-montserrat u-text u-text-default u-text-white u-text-3\">\n                      <span style=\"font-weight: 700;\">Was mache ich heute? Welche Termine habe ich? Wie ist das Wetter?.....<\/span>\n                      <br>Kennen Sie solche Post? Am Anfang mag es interessant sein. Doch mit der Zeit kann es erm\u00fcdend wirken. So als g\u00e4be es nichts besonderes, deshalb poste ich irgendwas. Da kann man schnell das Interesse an Ihnen verlieren.<br>\n                      <br> Damit wir werben k\u00f6nnen, ohne zu nerven, m\u00fcssen wir zuerst wissen, <span style=\"font-weight: 700;\">wer die richtigen Menschen sind<\/span>.&nbsp;Wir fragen: <span style=\"font-weight: 700;\">Wen wollen Sie erreichen?<\/span>&nbsp;Vielleicht gibt es in Ihrem Unternehmen ja schon definierte&nbsp;<span style=\"font-weight: 700;\">Zielgruppen<\/span>. Ihre Erkenntnisse dazu nutzen wir um Ihre Zielgruppe aufzubauen!<br>\n                    <\/p>\n                  <\/div>\n                <\/div>\n              <\/div>\n            <\/div>\n            <div class=\"u-size-24\">\n              <div class=\"u-layout-col\">\n                <div class=\"u-container-style u-image u-layout-cell u-shading u-size-60 u-image-1\" data-image-width=\"2162\" data-image-height=\"1442\" data-animation-name=\"customAnimationIn\" data-animation-duration=\"2000\" style=\"background-image: linear-gradient(0deg, rgba(0, 0, 0, 0.2), rgba(0, 0, 0, 0.2)), url(&quot;http:\/\/m-creative-design.de\/wp-content\/uploads\/2023\/03\/MCDSocialMedia1-5.png&quot;);\">\n                  <div class=\"u-container-layout u-valign-bottom u-container-layout-3\">\n                    <div class=\"u-shape u-shape-svg u-text-white u-shape-2\" data-animation-name=\"customAnimationIn\" data-animation-duration=\"2000\" data-animation-delay=\"0\">\n                      <svg class=\"u-svg-link\" preserveAspectRatio=\"none\" viewBox=\"0 0 160 160\" style=\"\"><use xmlns:xlink=\"http:\/\/www.w3.org\/1999\/xlink\" xlink:href=\"#svg-cf02\"><\/use><\/svg>\n                      <svg class=\"u-svg-content\" viewBox=\"0 0 160 160\" x=\"0px\" y=\"0px\" id=\"svg-cf02\"><path d=\"M152.7,0c-4,0-7.3,3.3-7.3,7.3s3.3,7.3,7.3,7.3c4,0,7.3-3.3,7.3-7.3S156.7,0,152.7,0z M128.5,24.2c-4,0-7.3,3.3-7.3,7.3\n\ts3.3,7.3,7.3,7.3c4,0,7.3-3.3,7.3-7.3S132.5,24.2,128.5,24.2z M152.7,24.2c-4,0-7.3,3.3-7.3,7.3s3.3,7.3,7.3,7.3\n\tc4,0,7.3-3.3,7.3-7.3S156.7,24.2,152.7,24.2z M104.2,48.5c-4,0-7.3,3.3-7.3,7.3s3.3,7.3,7.3,7.3c4,0,7.3-3.3,7.3-7.3\n\tS108.2,48.5,104.2,48.5z M128.5,48.5c-4,0-7.3,3.3-7.3,7.3s3.3,7.3,7.3,7.3c4,0,7.3-3.3,7.3-7.3S132.5,48.5,128.5,48.5z M152.7,48.5\n\tc-4,0-7.3,3.3-7.3,7.3s3.3,7.3,7.3,7.3c4,0,7.3-3.3,7.3-7.3S156.7,48.5,152.7,48.5z M80,72.7c-4,0-7.3,3.3-7.3,7.3s3.3,7.3,7.3,7.3\n\ts7.3-3.3,7.3-7.3S84,72.7,80,72.7z M104.2,72.7c-4,0-7.3,3.3-7.3,7.3s3.3,7.3,7.3,7.3c4,0,7.3-3.3,7.3-7.3S108.2,72.7,104.2,72.7z\n\t M128.5,72.7c-4,0-7.3,3.3-7.3,7.3s3.3,7.3,7.3,7.3c4,0,7.3-3.3,7.3-7.3S132.5,72.7,128.5,72.7z M152.7,72.7c-4,0-7.3,3.3-7.3,7.3\n\ts3.3,7.3,7.3,7.3c4,0,7.3-3.3,7.3-7.3S156.7,72.7,152.7,72.7z M55.8,97c-4,0-7.3,3.3-7.3,7.3c0,4,3.3,7.3,7.3,7.3s7.3-3.3,7.3-7.3\n\tC63,100.3,59.7,97,55.8,97z M80,97c-4,0-7.3,3.3-7.3,7.3c0,4,3.3,7.3,7.3,7.3s7.3-3.3,7.3-7.3C87.3,100.3,84,97,80,97z M104.2,97\n\tc-4,0-7.3,3.3-7.3,7.3c0,4,3.3,7.3,7.3,7.3c4,0,7.3-3.3,7.3-7.3C111.5,100.3,108.2,97,104.2,97z M128.5,97c-4,0-7.3,3.3-7.3,7.3\n\tc0,4,3.3,7.3,7.3,7.3c4,0,7.3-3.3,7.3-7.3C135.8,100.3,132.5,97,128.5,97z M152.7,97c-4,0-7.3,3.3-7.3,7.3c0,4,3.3,7.3,7.3,7.3\n\tc4,0,7.3-3.3,7.3-7.3C160,100.3,156.7,97,152.7,97z M31.5,121.2c-4,0-7.3,3.3-7.3,7.3c0,4,3.3,7.3,7.3,7.3s7.3-3.3,7.3-7.3\n\tC38.8,124.5,35.5,121.2,31.5,121.2z M55.8,121.2c-4,0-7.3,3.3-7.3,7.3c0,4,3.3,7.3,7.3,7.3s7.3-3.3,7.3-7.3\n\tC63,124.5,59.7,121.2,55.8,121.2z M80,121.2c-4,0-7.3,3.3-7.3,7.3c0,4,3.3,7.3,7.3,7.3s7.3-3.3,7.3-7.3\n\tC87.3,124.5,84,121.2,80,121.2z M104.2,121.2c-4,0-7.3,3.3-7.3,7.3c0,4,3.3,7.3,7.3,7.3c4,0,7.3-3.3,7.3-7.3\n\tC111.5,124.5,108.2,121.2,104.2,121.2z M128.5,121.2c-4,0-7.3,3.3-7.3,7.3c0,4,3.3,7.3,7.3,7.3c4,0,7.3-3.3,7.3-7.3\n\tC135.8,124.5,132.5,121.2,128.5,121.2z M152.7,121.2c-4,0-7.3,3.3-7.3,7.3c0,4,3.3,7.3,7.3,7.3c4,0,7.3-3.3,7.3-7.3\n\tC160,124.5,156.7,121.2,152.7,121.2z M7.3,145.5c-4,0-7.3,3.3-7.3,7.3c0,4,3.3,7.3,7.3,7.3s7.3-3.3,7.3-7.3\n\tC14.5,148.8,11.2,145.5,7.3,145.5z M31.5,145.5c-4,0-7.3,3.3-7.3,7.3c0,4,3.3,7.3,7.3,7.3s7.3-3.3,7.3-7.3\n\tC38.8,148.8,35.5,145.5,31.5,145.5z M55.8,145.5c-4,0-7.3,3.3-7.3,7.3c0,4,3.3,7.3,7.3,7.3s7.3-3.3,7.3-7.3\n\tC63,148.8,59.7,145.5,55.8,145.5z M80,145.5c-4,0-7.3,3.3-7.3,7.3c0,4,3.3,7.3,7.3,7.3s7.3-3.3,7.3-7.3\n\tC87.3,148.8,84,145.5,80,145.5z M104.2,145.5c-4,0-7.3,3.3-7.3,7.3c0,4,3.3,7.3,7.3,7.3c4,0,7.3-3.3,7.3-7.3\n\tC111.5,148.8,108.2,145.5,104.2,145.5z M128.5,145.5c-4,0-7.3,3.3-7.3,7.3c0,4,3.3,7.3,7.3,7.3c4,0,7.3-3.3,7.3-7.3\n\tC135.8,148.8,132.5,145.5,128.5,145.5z M152.7,145.5c-4,0-7.3,3.3-7.3,7.3c0,4,3.3,7.3,7.3,7.3c4,0,7.3-3.3,7.3-7.3\n\tC160,148.8,156.7,145.5,152.7,145.5z\"><\/path><\/svg>\n                    <\/div>\n                  <\/div>\n                <\/div>\n              <\/div>\n            <\/div>\n          <\/div>\n        <\/div>\n      <\/div>\n    <\/section>\n    \n    \n  \n<\/div>","protected":false},"excerpt":{"rendered":"<p>SOCIAL MEDIA FACEBOOK Facebook ist das weltweit gr\u00f6\u00dfte soziale Netzwerk und z\u00e4hlt knapp&nbsp;30 Millionen aktive Nutzer in Deutschland. F\u00fcr Unternehmen ist es zu einem der wichtigsten Marketing-Instrumente geworden.&nbsp; Beitr\u00e4ge landen direkt auf der pers\u00f6nlichen Pinnwand des Endkunden und k\u00f6nnen aus Bildern, Videos und Links bestehen. Die&nbsp;Anzeigenschaltung &nbsp;bei Facebook ist sehr attraktiv, da man seine Zielgruppe&hellip; <a class=\"more-link\" href=\"https:\/\/m-creative-design.de\/?page_id=3795\"><span class=\"screen-reader-text\">SOCIAL MEDIA<\/span> weiterlesen<\/a><\/p>\n","protected":false},"author":1,"featured_media":0,"parent":0,"menu_order":3,"comment_status":"closed","ping_status":"closed","template":"","meta":{"footnotes":""},"class_list":["post-3795","page","type-page","status-publish","hentry","entry"],"_links":{"self":[{"href":"https:\/\/m-creative-design.de\/index.php?rest_route=\/wp\/v2\/pages\/3795","targetHints":{"allow":["GET"]}}],"collection":[{"href":"https:\/\/m-creative-design.de\/index.php?rest_route=\/wp\/v2\/pages"}],"about":[{"href":"https:\/\/m-creative-design.de\/index.php?rest_route=\/wp\/v2\/types\/page"}],"author":[{"embeddable":true,"href":"https:\/\/m-creative-design.de\/index.php?rest_route=\/wp\/v2\/users\/1"}],"replies":[{"embeddable":true,"href":"https:\/\/m-creative-design.de\/index.php?rest_route=%2Fwp%2Fv2%2Fcomments&post=3795"}],"version-history":[{"count":2,"href":"https:\/\/m-creative-design.de\/index.php?rest_route=\/wp\/v2\/pages\/3795\/revisions"}],"predecessor-version":[{"id":3837,"href":"https:\/\/m-creative-design.de\/index.php?rest_route=\/wp\/v2\/pages\/3795\/revisions\/3837"}],"wp:attachment":[{"href":"https:\/\/m-creative-design.de\/index.php?rest_route=%2Fwp%2Fv2%2Fmedia&parent=3795"}],"curies":[{"name":"wp","href":"https:\/\/api.w.org\/{rel}","templated":true}]}}