{"id":3794,"date":"2023-03-28T12:34:27","date_gmt":"2023-03-28T12:34:27","guid":{"rendered":"https:\/\/m-creative-design.de\/?page_id=3794"},"modified":"2024-08-12T09:36:23","modified_gmt":"2024-08-12T09:36:23","slug":"kontakt-3","status":"publish","type":"page","link":"https:\/\/m-creative-design.de\/?page_id=3794","title":{"rendered":"KONTAKT"},"content":{"rendered":"<div class=\"\" style=\"\" >\n  \n    \n    <section class=\"u-align-left u-clearfix u-image u-shading u-valign-middle-sm u-valign-middle-xs u-section-2\" id=\"sec-14de\" data-image-width=\"1920\" data-image-height=\"1161\" style=\"background-image: linear-gradient(0deg, rgba(0, 0, 0, 0.15), rgba(0, 0, 0, 0.15)), url(&quot;https:\/\/m-creative-design.de\/wp-content\/uploads\/2023\/03\/MCDBildKontaktHintergrund-9.png&quot;);\">\n      <div class=\"u-clearfix u-sheet u-sheet-1\">\n        <img decoding=\"async\" class=\"u-image u-image-default u-preserve-proportions u-image-1\" src=\"https:\/\/m-creative-design.de\/wp-content\/uploads\/2023\/03\/MCDBildLogoKontakt-10.png\" alt=\"\" data-image-width=\"246\" data-image-height=\"316\" data-animation-name=\"customAnimationIn\" data-animation-duration=\"2500\" data-animation-delay=\"500\">\n      <\/div>\n    <\/section>\n    <section class=\"u-clearfix u-valign-middle-xl u-valign-middle-xs u-section-3\" id=\"sec-1282\">\n      <div class=\"u-custom-color-13 u-hidden-sm u-hidden-xs u-shape u-shape-rectangle u-shape-1\" data-animation-name=\"customAnimationIn\" data-animation-duration=\"2000\" data-animation-delay=\"1000\"><\/div>\n      <div class=\"u-clearfix u-gutter-20 u-layout-wrap u-layout-wrap-1\">\n        <div class=\"u-layout\">\n          <div class=\"u-layout-row\">\n            <div class=\"u-size-36\">\n              <div class=\"u-layout-col\">\n                <div class=\"u-container-style u-layout-cell u-size-30 u-layout-cell-1\">\n                  <div class=\"u-container-layout u-valign-bottom-xs u-container-layout-1\">\n                    <h3 class=\"u-custom-font u-font-montserrat u-text u-text-default u-text-1\" data-animation-name=\"customAnimationIn\" data-animation-duration=\"2000\">WIE KANN ICH IHNEN HELFEN?<\/h3>\n                    <h1 class=\"u-custom-font u-font-montserrat u-text u-text-default u-text-2\" data-animation-name=\"customAnimationIn\" data-animation-duration=\"2000\">KONTAKT<\/h1>\n                  <\/div>\n                <\/div>\n                <div class=\"u-container-align-left u-container-style u-custom-color-12 u-layout-cell u-size-30 u-layout-cell-2\" data-animation-name=\"customAnimationIn\" data-animation-duration=\"2000\">\n                  <div class=\"u-container-layout u-valign-top u-container-layout-2\">\n                    <p class=\"u-align-left u-custom-font u-font-montserrat u-text u-text-default u-text-white u-text-3\">\n                      <span style=\"font-weight: 700;\"><\/span>Sie ben\u00f6tigen ein Beratungsgespr\u00e4ch? Dann f\u00fcllen Sie einfach das Kontaktformular aus oder schreiben Sie uns eine E-Mail. Gerne k\u00f6nnen Sie uns auch per Telefon kontaktieren.&nbsp;<br>\n                      <br>Selbstverst\u00e4ndlich stehen wir Ihnen auch f\u00fcr eine Beratung vor Ort zur Verf\u00fcgung und vereinbaren auf Wunsch einen Termin bei Ihnen. \n                    <\/p>\n                  <\/div>\n                <\/div>\n              <\/div>\n            <\/div>\n            <div class=\"u-size-24\">\n              <div class=\"u-layout-col\">\n                <div class=\"u-container-style u-image u-layout-cell u-size-60 u-image-1\" data-image-width=\"1122\" data-image-height=\"1683\" data-animation-name=\"customAnimationIn\" data-animation-duration=\"2000\" style=\"background-image: url(&quot;https:\/\/m-creative-design.de\/wp-content\/uploads\/2023\/03\/MCDKontakt-9.png&quot;);\">\n                  <div class=\"u-container-layout u-valign-top u-container-layout-3\">\n                    <div class=\"u-shape u-shape-svg u-text-white u-shape-2\" data-animation-name=\"customAnimationIn\" data-animation-duration=\"2000\">\n                      <svg class=\"u-svg-link\" preserveAspectRatio=\"none\" viewBox=\"0 0 160 160\" style=\"\"><use xmlns:xlink=\"http:\/\/www.w3.org\/1999\/xlink\" xlink:href=\"#svg-0db8\"><\/use><\/svg>\n                      <svg class=\"u-svg-content\" viewBox=\"0 0 160 160\" x=\"0px\" y=\"0px\" id=\"svg-0db8\"><path d=\"M152.7,0c4,0,7.3,3.4,7.3,7.3s-3.2,7.3-7.2,7.3s-7.3-3.3-7.3-7.3S148.7,0,152.7,0z M145.4,31.5c0,4,3.3,7.3,7.3,7.3\n\ts7.3-3.3,7.3-7.3s-3.3-7.3-7.3-7.3C148.8,24.2,145.4,27.5,145.4,31.5z M121.2,7.3c0,4,3.3,7.3,7.3,7.3s7.3-3.3,7.3-7.3\n\tS132.5,0,128.5,0S121.2,3.3,121.2,7.3z M97,7.3c0,3.9,3.2,7.3,7.2,7.3s7.3-3.3,7.3-7.3S108.2,0,104.2,0C100.3,0,97,3.4,97,7.3z\n\t M72.7,7.3c0,4,3.3,7.3,7.3,7.3s7.3-3.3,7.3-7.3S84,0,80,0C76,0,72.7,3.3,72.7,7.3z M48.5,7.3c0,4,3.3,7.3,7.3,7.3s7.3-3.3,7.3-7.3\n\tS59.8,0,55.8,0C51.8,0,48.5,3.3,48.5,7.3z M24.2,7.3c0,4,3.3,7.3,7.3,7.3s7.3-3.3,7.3-7.3S35.5,0,31.5,0C27.5,0,24.2,3.3,24.2,7.3z\n\t M0,7.3c0,4,3.3,7.3,7.3,7.3s7.3-3.3,7.3-7.3S11.3,0,7.3,0S0,3.3,0,7.3z M121.2,31.5c0,4,3.3,7.3,7.3,7.3s7.3-3.3,7.3-7.3\n\ts-3.3-7.3-7.3-7.3S121.2,27.5,121.2,31.5z M96.9,31.5c0,4,3.3,7.3,7.3,7.3s7.3-3.3,7.3-7.3s-3.3-7.3-7.3-7.3\n\tC100.3,24.2,96.9,27.5,96.9,31.5z M72.7,31.5c0,4,3.3,7.3,7.3,7.3s7.3-3.3,7.3-7.3S84,24.2,80,24.2S72.7,27.5,72.7,31.5z M48.5,31.5\n\tc0,4,3.3,7.3,7.3,7.3s7.3-3.3,7.3-7.3s-3.3-7.3-7.3-7.3S48.5,27.5,48.5,31.5z M24.2,31.5c0,4,3.3,7.3,7.3,7.3s7.3-3.3,7.3-7.3\n\ts-3.3-7.3-7.3-7.3S24.2,27.5,24.2,31.5z M145.4,55.7c0,4,3.3,7.3,7.3,7.3s7.3-3.2,7.3-7.2s-3.3-7.3-7.3-7.3\n\tC148.8,48.5,145.4,51.7,145.4,55.7z M121.2,55.8c0,4,3.3,7.3,7.3,7.3s7.3-3.3,7.3-7.3s-3.3-7.3-7.3-7.3S121.2,51.8,121.2,55.8z\n\t M96.9,55.8c0,4,3.3,7.3,7.3,7.3s7.3-3.3,7.3-7.3s-3.3-7.3-7.3-7.3C100.3,48.5,96.9,51.8,96.9,55.8z M72.7,55.7c0,4,3.3,7.3,7.3,7.3\n\ts7.3-3.2,7.3-7.2S84,48.5,80,48.5S72.7,51.7,72.7,55.7z M48.5,55.8c0,4,3.3,7.3,7.3,7.3s7.3-3.3,7.3-7.3s-3.3-7.3-7.3-7.3\n\tS48.5,51.8,48.5,55.8z M145.4,80c0,4,3.3,7.3,7.3,7.3S160,84,160,80s-3.3-7.3-7.3-7.3C148.8,72.7,145.4,76,145.4,80z M121.2,80\n\tc0,4,3.3,7.3,7.3,7.3s7.3-3.3,7.3-7.3s-3.3-7.3-7.3-7.3S121.2,76,121.2,80z M97,80c0,4,3.2,7.3,7.2,7.3s7.3-3.3,7.3-7.3\n\ts-3.3-7.3-7.3-7.3C100.3,72.7,97,76,97,80z M72.7,80c0,4,3.3,7.3,7.3,7.3s7.3-3.3,7.3-7.3S84,72.7,80,72.7S72.7,76,72.7,80z\n\t M145.4,104.3c0,4,3.3,7.3,7.3,7.3s7.3-3.3,7.3-7.3s-3.3-7.3-7.3-7.3C148.8,97,145.5,100.3,145.4,104.3z M121.2,104.3\n\tc0,4,3.3,7.3,7.3,7.3s7.3-3.3,7.3-7.3s-3.3-7.3-7.3-7.3S121.2,100.3,121.2,104.3z M96.9,104.3c0,4,3.3,7.3,7.3,7.3s7.3-3.3,7.3-7.3\n\ts-3.3-7.3-7.3-7.3C100.3,97,97,100.3,96.9,104.3z M145.4,128.5c0,4,3.3,7.3,7.3,7.3s7.3-3.3,7.3-7.3s-3.3-7.3-7.3-7.3\n\tC148.8,121.2,145.5,124.5,145.4,128.5z M121.2,128.5c0,4,3.3,7.3,7.3,7.3s7.3-3.3,7.3-7.3s-3.3-7.3-7.3-7.3S121.2,124.5,121.2,128.5\n\tz M145.4,152.8c0,4,3.3,7.3,7.3,7.3s7.3-3.3,7.3-7.3s-3.3-7.3-7.3-7.3C148.8,145.5,145.5,148.8,145.4,152.8z\"><\/path><\/svg>\n                    <\/div>\n                  <\/div>\n                <\/div>\n              <\/div>\n            <\/div>\n          <\/div>\n        <\/div>\n      <\/div>\n    <\/section>\n    <section class=\"u-clearfix u-valign-middle-xs u-section-4\" id=\"sec-eb1a\">\n      <div class=\"u-custom-color-13 u-hidden-sm u-hidden-xs u-shape u-shape-rectangle u-shape-1\" data-animation-name=\"customAnimationIn\" data-animation-duration=\"2000\" data-animation-delay=\"1000\"><\/div>\n      <div class=\"u-clearfix u-gutter-20 u-layout-wrap u-layout-wrap-1\">\n        <div class=\"u-layout\" style=\"\">\n          <div class=\"u-layout-row\" style=\"\">\n            <div class=\"u-size-26\">\n              <div class=\"u-layout-col\">\n                <div class=\"u-container-style u-image u-layout-cell u-shading u-size-60 u-image-1\" data-image-width=\"1618\" data-image-height=\"1078\" data-animation-name=\"customAnimationIn\" data-animation-duration=\"2000\" style=\"background-image: linear-gradient(0deg, rgba(0, 0, 0, 0.2), rgba(0, 0, 0, 0.2)), url(&quot;https:\/\/m-creative-design.de\/wp-content\/uploads\/2023\/03\/MCDKontakt1-8.png&quot;);\">\n                  <div class=\"u-container-layout u-valign-bottom u-container-layout-1\">\n                    <div class=\"u-shape u-shape-svg u-text-white u-shape-2\" data-animation-name=\"customAnimationIn\" data-animation-duration=\"2000\">\n                      <svg class=\"u-svg-link\" preserveAspectRatio=\"none\" viewBox=\"0 0 160 160\" style=\"\"><use xmlns:xlink=\"http:\/\/www.w3.org\/1999\/xlink\" xlink:href=\"#svg-5394\"><\/use><\/svg>\n                      <svg class=\"u-svg-content\" viewBox=\"0 0 160 160\" x=\"0px\" y=\"0px\" id=\"svg-5394\"><path d=\"M0,7.3c0,4,3.3,7.3,7.3,7.3s7.3-3.3,7.3-7.3S11.3,0,7.3,0S0,3.3,0,7.3z M24.2,31.5c0,4,3.3,7.3,7.3,7.3s7.3-3.3,7.3-7.3\n\ts-3.3-7.3-7.3-7.3S24.2,27.5,24.2,31.5z M0,31.5c0,4,3.3,7.3,7.3,7.3s7.3-3.3,7.3-7.3s-3.3-7.3-7.3-7.3S0,27.5,0,31.5z M48.5,55.8\n\tc0,4,3.3,7.3,7.3,7.3s7.3-3.3,7.3-7.3s-3.3-7.3-7.3-7.3S48.5,51.8,48.5,55.8z M24.2,55.8c0,4,3.3,7.3,7.3,7.3s7.3-3.3,7.3-7.3\n\ts-3.3-7.3-7.3-7.3S24.2,51.8,24.2,55.8z M0,55.8c0,4,3.3,7.3,7.3,7.3s7.3-3.3,7.3-7.3s-3.3-7.3-7.3-7.3S0,51.8,0,55.8z M72.7,80\n\tc0,4,3.3,7.3,7.3,7.3s7.3-3.3,7.3-7.3S84,72.7,80,72.7S72.7,76,72.7,80z M48.5,80c0,4,3.3,7.3,7.3,7.3s7.3-3.3,7.3-7.3\n\ts-3.3-7.3-7.3-7.3S48.5,76,48.5,80z M24.2,80c0,4,3.3,7.3,7.3,7.3s7.3-3.3,7.3-7.3s-3.3-7.3-7.3-7.3S24.2,76,24.2,80z M0,80\n\tc0,4,3.3,7.3,7.3,7.3s7.3-3.3,7.3-7.3s-3.3-7.3-7.3-7.3S0,76,0,80z M96.9,104.3c0,4,3.3,7.3,7.3,7.3s7.3-3.3,7.3-7.3\n\ts-3.3-7.3-7.3-7.3C100.3,97,97,100.3,96.9,104.3z M72.7,104.3c0,4,3.3,7.3,7.3,7.3s7.3-3.3,7.3-7.3S84,97,80,97\n\tS72.7,100.3,72.7,104.3z M48.5,104.3c0,4,3.3,7.3,7.3,7.3s7.3-3.3,7.3-7.3S59.8,97,55.8,97S48.5,100.3,48.5,104.3z M24.2,104.3\n\tc0,4,3.3,7.3,7.3,7.3s7.3-3.3,7.3-7.3S35.5,97,31.5,97S24.2,100.3,24.2,104.3z M0,104.3c0,4,3.3,7.3,7.3,7.3s7.3-3.3,7.3-7.3\n\tS11.3,97,7.3,97S0,100.3,0,104.3z M121.2,128.5c0,4,3.3,7.3,7.3,7.3s7.3-3.3,7.3-7.3s-3.3-7.3-7.3-7.3S121.2,124.5,121.2,128.5z\n\t M96.9,128.5c0,4,3.3,7.3,7.3,7.3s7.3-3.3,7.3-7.3s-3.3-7.3-7.3-7.3C100.3,121.2,97,124.5,96.9,128.5z M72.7,128.5\n\tc0,4,3.3,7.3,7.3,7.3s7.3-3.3,7.3-7.3s-3.3-7.3-7.3-7.3S72.7,124.5,72.7,128.5z M48.5,128.5c0,4,3.3,7.3,7.3,7.3s7.3-3.3,7.3-7.3\n\ts-3.3-7.3-7.3-7.3S48.5,124.5,48.5,128.5z M24.2,128.5c0,4,3.3,7.3,7.3,7.3s7.3-3.3,7.3-7.3s-3.3-7.3-7.3-7.3S24.2,124.5,24.2,128.5\n\tz M0,128.5c0,4,3.3,7.3,7.3,7.3s7.3-3.3,7.3-7.3s-3.3-7.3-7.3-7.3S0,124.5,0,128.5z M145.4,152.8c0,4,3.3,7.3,7.3,7.3\n\ts7.3-3.3,7.3-7.3s-3.3-7.3-7.3-7.3C148.8,145.5,145.5,148.8,145.4,152.8z M121.2,152.8c0,4,3.3,7.3,7.3,7.3s7.3-3.3,7.3-7.3\n\ts-3.3-7.3-7.3-7.3S121.2,148.8,121.2,152.8z M96.9,152.8c0,4,3.3,7.3,7.3,7.3s7.3-3.3,7.3-7.3s-3.3-7.3-7.3-7.3\n\tC100.3,145.5,97,148.8,96.9,152.8z M72.7,152.8c0,4,3.3,7.3,7.3,7.3s7.3-3.3,7.3-7.3s-3.3-7.3-7.3-7.3S72.7,148.8,72.7,152.8z\n\t M48.5,152.8c0,4,3.3,7.3,7.3,7.3s7.3-3.3,7.3-7.3s-3.3-7.3-7.3-7.3S48.5,148.8,48.5,152.8z M24.2,152.8c0,4,3.3,7.3,7.3,7.3\n\ts7.3-3.3,7.3-7.3s-3.3-7.3-7.3-7.3S24.2,148.8,24.2,152.8z M0,152.8c0,4,3.3,7.3,7.3,7.3s7.3-3.3,7.3-7.3s-3.3-7.3-7.3-7.3\n\tS0,148.8,0,152.8z\"><\/path><\/svg>\n                    <\/div>\n                  <\/div>\n                <\/div>\n              <\/div>\n            <\/div>\n            <div class=\"u-size-34\" style=\"\">\n              <div class=\"u-layout-col\" style=\"\">\n                <div class=\"u-container-style u-layout-cell u-size-30 u-layout-cell-2\">\n                  <div class=\"u-container-layout u-valign-top u-container-layout-2\">\n                    <h3 class=\"u-custom-font u-font-montserrat u-text u-text-black u-text-default u-text-1\" data-animation-name=\"customAnimationIn\" data-animation-duration=\"2000\">\n                      <span style=\"font-weight: 700;\">M CREATIVE DESIGN<\/span>\n                      <br>\n                      <br>\n                      <span style=\"font-weight: 700;\">E-Mail:<\/span> info@m-creative-design.de<br>\n                      <span style=\"font-weight: 700;\">Adresse<\/span>\n                      <span style=\"font-weight: 700;\">:<\/span> Bahnhofstra\u00dfe 58, 54329 Konz<br>\n                      <span style=\"font-weight: 700;\">Telefon:<\/span> +49 (0) 6501 60 53 769<br>\n                      <span style=\"font-weight: 700;\">Mobil:<\/span> +49 (0) 173 90 20 40 4<br>\n                      <br>\n                      <span style=\"font-weight: 700;\">\u00d6ffnungszeiten:<\/span>\n                      <br>Montag-Donnerstag&nbsp; 8.00 - 16.00 Uhr<br>und nach Vereinbarung \n                    <\/h3>\n                  <\/div>\n                <\/div>\n                <div class=\"u-container-style u-custom-color-12 u-layout-cell u-size-30 u-layout-cell-3\" data-animation-name=\"customAnimationIn\" data-animation-duration=\"2000\">\n                  <div class=\"u-container-layout u-container-layout-3\">\n                    <div class=\"u-form u-form-1\">\n                              <script>\n            function onSuccess(event) {\n                if (typeof window.serviceRequest !== 'undefined') {\n                    window.serviceRequest(jQuery(this).find('form'));\n                }\n                var msgContainer = jQuery(event.currentTarget).find('.wpcf7-response-output');\n                msgContainer.removeClass('u-form-send-error').addClass('u-form-send-message u-form-send-success');\n                msgContainer.show();\n                var redirectAddress = jQuery(event.currentTarget).find('[redirect-address]').attr('redirect-address');\n                if (redirectAddress) {\n                    setTimeout(function () {\n                        location.replace(redirectAddress);\n                    }, 2000);\n                }\n            }\n            function onError(event) {\n                var msgContainer = jQuery(event.currentTarget).find('.wpcf7-response-output');\n                msgContainer.removeClass('u-form-send-success').addClass('u-form-send-message u-form-send-error');\n                msgContainer.show();\n            }\n\n            jQuery('body')\n                .on('wpcf7mailsent',   '.u-form .wpcf7', onSuccess)\n                .on('wpcf7invalid',    '.u-form .wpcf7', onError)\n                .on('wpcf7:unaccepted', '.u-form .wpcf7', onError)\n                .on('wpcf7spam',       '.u-form .wpcf7', onError)\n                .on('wpcf7:aborted',    '.u-form .wpcf7', onError)\n                .on('wpcf7mailfailed', '.u-form .wpcf7', onError);\n        <\/script>\n        <style>\n            .u-form .wpcf7-response-output {\n                \/*position: relative !important;*\/\n                margin: 0 !important;\n                bottom: -70px!important;\n            }\n            .u-form .wpcf7 .ajax-loader {\n                margin-left: -24px;\n                margin-right: 0;\n            }\n        <\/style>\n\n<div class=\"wpcf7 no-js\" id=\"wpcf7-f3811-o1\" lang=\"de-DE\" dir=\"ltr\" data-wpcf7-id=\"3811\">\n<div class=\"screen-reader-response\"><p role=\"status\" aria-live=\"polite\" aria-atomic=\"true\"><\/p> <ul><\/ul><\/div>\n<form style=\"padding: 10px\" action=\"\/index.php?rest_route=%2Fwp%2Fv2%2Fpages%2F3794#wpcf7-f3811-o1\" method=\"post\" class=\"wpcf7-form init u-clearfix u-form-spacing-11 u-form-vertical u-inner-form u-form-custom-backend\" aria-label=\"Kontaktformular\" novalidate=\"novalidate\" data-status=\"init\">\n<div style=\"display: none;\">\n<input type=\"hidden\" name=\"_wpcf7\" value=\"3811\" \/>\n<input type=\"hidden\" name=\"_wpcf7_version\" value=\"6.0.6\" \/>\n<input type=\"hidden\" name=\"_wpcf7_locale\" value=\"de_DE\" \/>\n<input type=\"hidden\" name=\"_wpcf7_unit_tag\" value=\"wpcf7-f3811-o1\" \/>\n<input type=\"hidden\" name=\"_wpcf7_container_post\" value=\"0\" \/>\n<input type=\"hidden\" name=\"_wpcf7_posted_data_hash\" value=\"\" \/>\n<\/div>\n\n                        <div class=\"u-form-group wpcf7-form-control-wrap u-form-name\">\n                          <label for=\"name-3119\" class=\"u-custom-font u-font-montserrat u-form-control-hidden u-label u-text-custom-color-12\">Name<\/label>\n                          <input type=\"text\" placeholder=\"Ihr Name\" id=\"name-3119\" name=\"name1\" class=\"u-input wpcf7-form-control u-input-rectangle u-text-custom-color-13\" required=\"\">\n                        <\/div>\n                        <div class=\"u-form-group wpcf7-form-control-wrap u-form-phone u-form-group wpcf7-form-control-wrap-2\">\n                          <label for=\"phone-de60\" class=\"u-custom-font u-font-montserrat u-form-control-hidden u-label u-text-custom-color-12\"><\/label>\n                          <input type=\"tel\" pattern=\"+?d{0,3}[s(-]?([0-9]{2,3})[s)-]?([s-]?)([0-9]{3})[s-]?([0-9]{2})[s-]?([0-9]{2})\" placeholder=\"Telefonnummer\" id=\"phone-de60\" name=\"phone\" class=\"u-input wpcf7-form-control u-input-rectangle u-text-custom-color-13\">\n                        <\/div>\n                        <div class=\"u-form-email u-form-group wpcf7-form-control-wrap\">\n                          <label for=\"email-3119\" class=\"u-custom-font u-font-montserrat u-form-control-hidden u-label u-text-custom-color-12\">Email<\/label>\n                          <input type=\"email\" placeholder=\"Ihre E-Mail Adresse\" id=\"email-3119\" name=\"email\" class=\"u-input wpcf7-form-control u-input-rectangle u-text-custom-color-13\" required=\"\">\n                        <\/div>\n                        <div class=\"u-form-group wpcf7-form-control-wrap u-form-message\">\n                          <label for=\"message-3119\" class=\"u-custom-font u-font-montserrat u-form-control-hidden u-label u-text-custom-color-12\">Message<\/label>\n                          <textarea placeholder=\"Ihre Nachricht \" rows=\"4\" cols=\"50\" id=\"message-3119\" name=\"message\" class=\"u-input wpcf7-form-control u-input-rectangle u-text-custom-color-13\" required=\"\"><\/textarea>\n                        <\/div>\n                        <div class=\"u-form-checkbox u-form-group wpcf7-form-control-wrap u-form-group wpcf7-form-control-wrap-5\">\n                          <input id=\"checkbox-f742\" name=\"checkbox\" value=\"On\" class=\"u-border-1 u-border-grey-30 u-field-input u-input-rectangle u-white\" type=\"checkbox\" required=\"required\">\n                          <label for=\"checkbox-f742\" class=\"u-custom-font u-field-label u-font-montserrat\" style=\"\">Mit dem Absenden des Formular erkl\u00e4ren Sie sich damit einverstanden, dass wie die Angaben zur Beantwortung Ihrer Anfrage verwenden d\u00fcrfen. Hier finden Sie unsere&nbsp;<a href=\"https:\/\/m-creative-design.de\/?page_id=3793\" class=\"u-active-none u-border-none u-btn u-button-style u-hover-none u-none u-text-palette-1-base u-btn-1\">Datenschutzerkl\u00e4rung<\/a>.&nbsp; \n                          <\/label>\n                        <\/div>\n                        <div class=\"u-align-left u-form-group wpcf7-form-control-wrap u-form-submit wpcf7-form-control\">\n                          <a href=\"https:\/\/nicepage.com\" class=\"u-active-custom-color-13 u-border-2 u-border-active-grey-90 u-border-grey-90 u-border-hover-custom-color-2 u-btn u-btn-rectangle u-btn-submit wpcf7-submit u-button-style u-custom-font u-font-montserrat u-hover-custom-color-2 u-text-active-custom-color-1 u-text-hover-custom-color-1 u-white u-btn-2\">NACHRICHT SENDEN<\/a>\n                          <input type=\"submit\" value=\"submit\" class=\"u-form-control-hidden\">\n                        <\/div>\n                        <div class=\"u-form-send-message u-form-send-success\">Vielen Dank. Ihre Nachricht wurde gesendet.<\/div>\n                        <div class=\"u-form-send-error u-form-send-message\">Sorry. Leider liegt ein Fehler vor. Bitte versuchen Sie es erneut.<\/div>\n                        <input type=\"hidden\" value=\"\" name=\"recaptchaResponse\">\n                      <input type=\"hidden\" name=\"_contact7_backend\" value=\"1\"><div class=\"wpcf7-response-output\" aria-hidden=\"true\"><\/div>\n<\/form>\n<\/div>\n\n                    <\/div>\n                  <\/div>\n                <\/div>\n              <\/div>\n            <\/div>\n          <\/div>\n        <\/div>\n      <\/div>\n    <\/section>\n    <section class=\"u-clearfix u-grey-light-2 u-typography-custom-page-typography-12--Map u-section-5\" id=\"sec-66f4\">\n      <div class=\"u-expanded u-grey-light-2 u-map u-map-1\" data-animation-name=\"customAnimationIn\" data-animation-duration=\"2000\">\n        <div class=\"embed-responsive\">\n          <iframe class=\"embed-responsive-item\" src=\"https:\/\/maps.google.com\/maps?output=embed&amp;q=Bahnhofstra%C3%9Fe%2058%20Konz&amp;z=16&amp;t=m\" data-map=\"JTdCJTIycG9zaXRpb25UeXBlJTIyJTNBJTIybWFwLWFkZHJlc3MlMjIlMkMlMjJhZGRyZXNzJTIyJTNBJTIyQmFobmhvZnN0cmElQzMlOUZlJTIwNTglMjBLb256JTIyJTJDJTIyem9vbSUyMiUzQTE2JTJDJTIydHlwZUlkJTIyJTNBJTIycm9hZCUyMiUyQyUyMmxhbmclMjIlM0FudWxsJTJDJTIyYXBpS2V5JTIyJTNBbnVsbCUyQyUyMm1hcmtlcnMlMjIlM0ElNUIlNUQlN0Q=\"><\/iframe>\n        <\/div>\n      <\/div>\n    <\/section>\n    \n    \n    \n  \n<\/div>","protected":false},"excerpt":{"rendered":"<p>WIE KANN ICH IHNEN HELFEN? KONTAKT Sie ben\u00f6tigen ein Beratungsgespr\u00e4ch? Dann f\u00fcllen Sie einfach das Kontaktformular aus oder schreiben Sie uns eine E-Mail. Gerne k\u00f6nnen Sie uns auch per Telefon kontaktieren.&nbsp; Selbstverst\u00e4ndlich stehen wir Ihnen auch f\u00fcr eine Beratung vor Ort zur Verf\u00fcgung und vereinbaren auf Wunsch einen Termin bei Ihnen. M CREATIVE DESIGN E-Mail:&hellip; <a class=\"more-link\" href=\"https:\/\/m-creative-design.de\/?page_id=3794\"><span class=\"screen-reader-text\">KONTAKT<\/span> weiterlesen<\/a><\/p>\n","protected":false},"author":1,"featured_media":0,"parent":0,"menu_order":2,"comment_status":"closed","ping_status":"closed","template":"","meta":{"footnotes":""},"class_list":["post-3794","page","type-page","status-publish","hentry","entry"],"_links":{"self":[{"href":"https:\/\/m-creative-design.de\/index.php?rest_route=\/wp\/v2\/pages\/3794","targetHints":{"allow":["GET"]}}],"collection":[{"href":"https:\/\/m-creative-design.de\/index.php?rest_route=\/wp\/v2\/pages"}],"about":[{"href":"https:\/\/m-creative-design.de\/index.php?rest_route=\/wp\/v2\/types\/page"}],"author":[{"embeddable":true,"href":"https:\/\/m-creative-design.de\/index.php?rest_route=\/wp\/v2\/users\/1"}],"replies":[{"embeddable":true,"href":"https:\/\/m-creative-design.de\/index.php?rest_route=%2Fwp%2Fv2%2Fcomments&post=3794"}],"version-history":[{"count":2,"href":"https:\/\/m-creative-design.de\/index.php?rest_route=\/wp\/v2\/pages\/3794\/revisions"}],"predecessor-version":[{"id":3842,"href":"https:\/\/m-creative-design.de\/index.php?rest_route=\/wp\/v2\/pages\/3794\/revisions\/3842"}],"wp:attachment":[{"href":"https:\/\/m-creative-design.de\/index.php?rest_route=%2Fwp%2Fv2%2Fmedia&parent=3794"}],"curies":[{"name":"wp","href":"https:\/\/api.w.org\/{rel}","templated":true}]}}